{"id":658,"date":"2020-02-06T08:46:30","date_gmt":"2020-02-06T08:46:30","guid":{"rendered":"http:\/\/www.dmklast4.cz\/rs\/wordpress\/?page_id=658"},"modified":"2025-09-15T13:26:24","modified_gmt":"2025-09-15T11:26:24","slug":"zadost-wifi","status":"publish","type":"page","link":"https:\/\/www.dmklast4.cz\/index.php\/zadost-wifi\/","title":{"rendered":""},"content":{"rendered":"\n<p><strong>1. \u017dadatel\/ka<br><\/strong>P\u0159\u00edjmen\u00ed Jm\u00e9no<\/p>\n\n\n\n<p><strong>2. MAC adresa p\u0159\u00edstroje<br><\/strong>01:ab:23:cd:45:ef<\/p>\n\n\n\n<p><strong>3. Typ p\u0159\u00edstroje<br><\/strong>mobiln\u00ed telefon \/ notebook \/ tablet<\/p>\n\n\n\n<p><strong>4. N\u00e1zev s\u00edt\u011b<br><\/strong>DM \/ DM2<\/p>\n\n\n\n<div style=\"height:30px\" aria-hidden=\"true\" class=\"wp-block-spacer\"><\/div>\n\n\n\n<p class=\"has-light-gray-background-color has-background\"><em><strong><mark style=\"background-color:rgba(0, 0, 0, 0);color:#ed2630\" class=\"has-inline-color\">Add 2.:<\/mark><\/strong> Sma\u017ete uk\u00e1zku form\u00e1tov\u00e1n\u00ed (d\u011bl\u00edc\u00edm znakem bude dvojte\u010dka!) a napi\u0161te\u00a0 MAC adresu p\u0159\u00edstroje, kter\u00fd chcete p\u0159ipojit do s\u00edt\u011b.<\/em><br>\u25ba <em><strong>V mobiln\u00edm telefonu<\/strong> ji nej\u010dast\u011bji najdete v <strong>nastaven\u00ed \/\u00a0informace o telefonu\u00a0\/ stav<\/strong> apod. (hled\u00e1te MAC adresu \u010di adresu Wifi).<\/em><br>\u25ba <em><strong>V notebooku<\/strong> lze adresu zjistit pomoc\u00ed p\u0159\u00edkazov\u00e9ho \u0159\u00e1dku (nap\u0159. klikn\u011bte na symbol lupy v hlavn\u00edm panelu Windows, do vyhled\u00e1vac\u00edho pole vepi\u0161te zkratku\u00a0<strong>cmd<\/strong>, \u010d\u00edm\u017e spust\u00edte p\u0159\u00edkazov\u00fd \u0159\u00e1dek, tzv. \u010dern\u00e9 okno): zadejte p\u0159\u00edkaz <strong>ipconfig<\/strong>mezera<strong>\/all<\/strong> (ipconfig \/all).\u00a0Odezvou v\u00e1m bude sada informac\u00ed, ve kter\u00e9 nalezne MAC adresu\u00a0 v \u010d\u00e1sti\u00a0<strong>Wireless LAN adapter Wi-Fi,<\/strong> v \u0159\u00e1dku\u00a0<strong>Physical Address.<\/strong><\/em><\/p>\n\n\n\n<p class=\"has-light-gray-background-color has-background\"><em><strong><span style=\"color:#ed2630\" class=\"has-inline-color\">Add 3.:<\/span><\/strong> Napi\u0161te typ za\u0159\u00edzen\u00ed \u2013 tzn. nehod\u00edc\u00ed se sma\u017ete.<\/em><\/p>\n\n\n\n<p class=\"has-light-gray-background-color has-background\"><em><strong><mark style=\"background-color:rgba(0, 0, 0, 0);color:#ed2630\" class=\"has-inline-color\">Add 4.:<\/mark><\/strong> Napi\u0161te s\u00ed\u0165, ke kter\u00e9 chcete p\u0159ipojit \u2013 tzn. nehod\u00edc\u00ed se sma\u017ete. Vyberte nejl\u00e9pe tu, kter\u00e1 vykazuje dobr\u00fd sign\u00e1l na va\u0161em pokoji (DM\/DM2). Lze se p\u0159ihl\u00e1sit pouze na jednu ze s\u00edt\u00ed WiFi.<\/em><\/p>\n","protected":false},"excerpt":{"rendered":"<p>1. \u017dadatel\/kaP\u0159\u00edjmen\u00ed Jm\u00e9no 2. MAC adresa p\u0159\u00edstroje01:ab:23:cd:45:ef 3. Typ p\u0159\u00edstrojemobiln\u00ed telefon \/ notebook \/ tablet 4. N\u00e1zev s\u00edt\u011bDM \/ DM2 Add 2.: Sma\u017ete uk\u00e1zku form\u00e1tov\u00e1n\u00ed (d\u011bl\u00edc\u00edm znakem bude dvojte\u010dka!) a napi\u0161te\u00a0 MAC adresu p\u0159\u00edstroje, kter\u00fd chcete p\u0159ipojit do s\u00edt\u011b.\u25ba V mobiln\u00edm telefonu ji nej\u010dast\u011bji najdete v nastaven\u00ed \/\u00a0informace o telefonu\u00a0\/ stav apod. (hled\u00e1te MAC adresu &hellip; <a href=\"https:\/\/www.dmklast4.cz\/index.php\/zadost-wifi\/\" class=\"more-link\">Pokra\u010dov\u00e1n\u00ed textu <span class=\"screen-reader-text\"><\/span><\/a><\/p>\n","protected":false},"author":3,"featured_media":0,"parent":0,"menu_order":0,"comment_status":"closed","ping_status":"closed","template":"","meta":{"footnotes":""},"class_list":["post-658","page","type-page","status-publish","hentry"],"_links":{"self":[{"href":"https:\/\/www.dmklast4.cz\/index.php\/wp-json\/wp\/v2\/pages\/658","targetHints":{"allow":["GET"]}}],"collection":[{"href":"https:\/\/www.dmklast4.cz\/index.php\/wp-json\/wp\/v2\/pages"}],"about":[{"href":"https:\/\/www.dmklast4.cz\/index.php\/wp-json\/wp\/v2\/types\/page"}],"author":[{"embeddable":true,"href":"https:\/\/www.dmklast4.cz\/index.php\/wp-json\/wp\/v2\/users\/3"}],"replies":[{"embeddable":true,"href":"https:\/\/www.dmklast4.cz\/index.php\/wp-json\/wp\/v2\/comments?post=658"}],"version-history":[{"count":13,"href":"https:\/\/www.dmklast4.cz\/index.php\/wp-json\/wp\/v2\/pages\/658\/revisions"}],"predecessor-version":[{"id":5739,"href":"https:\/\/www.dmklast4.cz\/index.php\/wp-json\/wp\/v2\/pages\/658\/revisions\/5739"}],"wp:attachment":[{"href":"https:\/\/www.dmklast4.cz\/index.php\/wp-json\/wp\/v2\/media?parent=658"}],"curies":[{"name":"wp","href":"https:\/\/api.w.org\/{rel}","templated":true}]}}