{"id":651,"date":"2020-02-06T08:05:31","date_gmt":"2020-02-06T08:05:31","guid":{"rendered":"http:\/\/www.dmklast4.cz\/rs\/wordpress\/?page_id=651"},"modified":"2025-09-04T14:28:50","modified_gmt":"2025-09-04T12:28:50","slug":"pripojeni-k-wifi","status":"publish","type":"page","link":"https:\/\/www.dmklast4.cz\/index.php\/pripojeni-k-wifi\/","title":{"rendered":"P\u0159ipojen\u00ed k internetu"},"content":{"rendered":"\n<p>Domov ml\u00e1de\u017ee umo\u017e\u0148uje ubytovan\u00fdm p\u0159\u00edstup k internetu pro studijn\u00ed \u00fa\u010dely a to n\u011bkolika zp\u016fsoby:<\/p>\n\n\n\n<p><strong>1. m\u00edstnost se stoln\u00edmi po\u010d\u00edta\u010di a pevn\u00fdm p\u0159ipojen\u00edm na 7. pat\u0159e<\/strong><br><strong>2. studovny WiFi free s bezdr\u00e1tov\u00fdm p\u0159ipojen\u00edm na 3. a 7. pat\u0159e<\/strong><br><strong>3.&nbsp;bezdr\u00e1tov\u00e9 p\u0159ipojen\u00ed \u2013 uzam\u010den\u00e1 WiFi s\u00ed\u0165 v <em>t\u00e9m\u011b\u0159 <\/em>cel\u00e9 budov\u011b <\/strong><\/p>\n\n\n\n<h2 class=\"wp-block-heading has-blue-gray-color has-text-color\">PC M\u00cdSTNOST<\/h2>\n\n\n\n<p>Na 7. pat\u0159e, v m\u00edstnosti 7\/12 jsou stoln\u00ed po\u010d\u00edta\u010de a mo\u017enost stabiln\u00edho pevn\u00e9ho p\u0159ipojen\u00ed pomoc\u00ed kabelu. <strong>M\u016f\u017eete zde pracovat i na sv\u00e9m notebooku a vyu\u017e\u00edt pevn\u00e9ho p\u0159ipojen\u00ed, skeneru \u010di tisk\u00e1rny.<\/strong><\/p>\n\n\n\n<h2 class=\"wp-block-heading has-blue-gray-color has-text-color\">STUDOVNY S P\u0158IPOJEN\u00cdM<\/h2>\n\n\n\n<p>Na 3. pat\u0159e (v m\u00edstnosti 3\/12) a 7. pat\u0159e (m\u00edstnosti 7\/1) jsou studovny s mo\u017enost\u00ed bezdr\u00e1tov\u00e9ho p\u0159ipojen\u00ed \u2013 WiFi s\u00edt\u011b DMUCEBNA1 (3. patro) a DMUCEBNA2 (7. patro). <strong>M\u016f\u017eete zde pracovat na sv\u00e9m notebooku \u010di mobiln\u00edm telefonu s pomoc\u00ed bezdr\u00e1tov\u00e9ho p\u0159ipojen\u00ed bez omezen\u00ed rychlosti.<\/strong><\/p>\n\n\n\n<h2 class=\"wp-block-heading has-blue-gray-color has-text-color\"><strong><span style=\"color:#003153\" class=\"has-inline-color\">S\u00cd\u0164 WIFI<\/span><\/strong><\/h2>\n\n\n\n<p>T\u00e9m\u011b\u0159 v cel\u00e9 budov\u011b domova ml\u00e1de\u017ee je dosa\u017eiteln\u00e9 bezdr\u00e1tov\u00e9 p\u0159ipojen\u00ed \u2013 WiFi s\u00edt\u011b DM a DM2. <strong>M\u016f\u017eete tak pracovat p\u0159\u00edmo v pokoji na sv\u00e9m notebooku \u010di mobiln\u00edm telefonu s pomoc\u00ed bezdr\u00e1tov\u00e9ho p\u0159ipojen\u00ed, av\u0161ak s omezen\u00edm rychlosti.<\/strong><\/p>\n\n\n\n<p>Z\u00e1kladn\u00ed podm\u00ednkou p\u0159ipojen\u00ed je platn\u00e1 ubytovac\u00ed smlouva. P\u0159ipojen m\u016f\u017ee b\u00fdt ka\u017ed\u00fd, kdo je uveden v registru ubytovan\u00fdch a to <strong>na z\u00e1klad\u011b pod\u00e1n\u00ed \u017e\u00e1dosti spr\u00e1vci p\u0159ipojen\u00ed k WiFi s\u00edti <\/strong>(pokud je to technicky mo\u017en\u00e9). Plat\u00ed pravidlo <strong>&#8222;pouze jeden p\u0159\u00edstroj v s\u00edti&#8220;.<\/strong><\/p>\n\n\n\n<h4 class=\"wp-block-heading\"><strong><mark style=\"background-color:rgba(0, 0, 0, 0);color:#003153\" class=\"has-inline-color\">Postup p\u0159ipojen\u00ed<\/mark><\/strong><\/h4>\n\n\n\n<p>Vytvo\u0159te e-mail, kter\u00fd n\u00e1sledn\u011b po\u0161lete spr\u00e1vci p\u0159ipojen\u00ed k s\u00edti WiFi:<\/p>\n\n\n\n<p class=\"has-background\" style=\"background-color:#e6eaee\"><strong>1.<\/strong> Do p\u0159edm\u011btu e-mailu napi\u0161te <strong>P\u0158\u00cdJMEN\u00cd JM\u00c9NO.<\/strong><br><strong>2.<\/strong> Do t\u011bla e-mailu zkop\u00edrujte a vypl\u0148te tuto&nbsp;<a href=\"http:\/\/www.dmklast4.cz\/index.php\/zadost-wifi\/\" data-type=\"URL\" target=\"_blank\" rel=\"noreferrer noopener\"><strong>\u017e\u00e1dost.<\/strong><\/a>* <br><strong>3.<\/strong> Ode\u0161lete e-mail na adresu&nbsp;<strong>wifi.dmklast@seznam.cz.<\/strong><\/p>\n\n\n\n<p class=\"has-text-align-right has-small-font-size\">* <em>Povinn\u00e1 jsou v\u0161echna pole. Ne\u00fapln\u00e1 \u017e\u00e1dost nebude p\u0159ijata.<\/em><\/p>\n\n\n\n<p><strong>Heslo<\/strong> k WiFi v\u00e1m sd\u011bl\u00ed v\u00e1\u0161 skupinov\u00fd vychovatel\/ka.<\/p>\n\n\n\n<p class=\"has-white-color has-text-color has-background\" style=\"background-color:#ed2630\"><strong>V p\u0159\u00edpad\u011b dotaz\u016f<\/strong> kontaktujte \u010di osobn\u011b nav\u0161tivte kancel\u00e1\u0159 spr\u00e1vce p\u0159ipojen\u00ed k s\u00edti WiFi (viz n\u00ed\u017ee). Pokud budete ps\u00e1t e-mail, do p\u0159edm\u011btu uve\u010fte P\u0158\u00cdJMEN\u00cd JM\u00c9NO.<\/p>\n\n\n\n<h4 class=\"wp-block-heading\"><strong><span style=\"color:#ed2630\" class=\"has-inline-color\">UPOZORN\u011aN\u00cd<\/span><\/strong><\/h4>\n\n\n\n<ol class=\"wp-block-list\">\n<li><strong>P\u0159ipojen\u00edm nov\u00e9 MAC adresy (spojen\u00e9 s va\u0161\u00edm jm\u00e9nem) dojde na z\u00e1klad\u011b zaveden\u00e9ho pravidla &#8222;pouze jeden p\u0159\u00edstroj v s\u00edti&#8220; k zablokov\u00e1n\u00ed star\u0161\u00edch evidovan\u00fdch adres.<\/strong><\/li>\n\n\n\n<li><strong>S\u00ed\u0165 WiFi je omezena pouze na slu\u017eby WWW a DNS. Ostatn\u00ed aplikace (nap\u0159. hern\u00ed klienti a chaty) nebudou fungovat.<\/strong><\/li>\n\n\n\n<li><strong>Kvalita p\u0159ipojen\u00ed (sign\u00e1lu) nen\u00ed rovnom\u011brn\u00e1.<\/strong><\/li>\n\n\n\n<li><strong>Na p\u0159ipojen\u00ed nen\u00ed n\u00e1rok!<\/strong><\/li>\n<\/ol>\n\n\n\n<p><span style=\"color: #808080;\">Z\u00edskan\u00e9 informace (nutn\u00e9 pro spr\u00e1vu p\u0159ipojen\u00ed k WiFi s\u00edt\u011b) bezpe\u010dn\u011b uchov\u00e1v\u00e1me po nezbytn\u011b nutnou dobu, jak n\u00e1m ukl\u00e1daj\u00ed pr\u00e1vn\u00ed p\u0159edpisy a regulace (Sm\u011brnice SM 13 \u2013 Zpracov\u00e1n\u00ed osobn\u00edch \u00fadaj\u016f).<\/span><\/p>\n\n\n\n<h2 class=\"wp-block-heading\"><strong><mark style=\"background-color:rgba(0, 0, 0, 0);color:#003153\" class=\"has-inline-color\">SPR\u00c1VCE WIFI S\u00cdT\u011a<\/mark><\/strong><\/h2>\n\n\n\n<div class=\"wp-block-columns is-layout-flex wp-container-core-columns-is-layout-9d6595d7 wp-block-columns-is-layout-flex\">\n<div class=\"wp-block-column is-layout-flow wp-block-column-is-layout-flow\" style=\"flex-basis:50%\">\n<p><strong>Tom\u00e1\u0161 Kadlec<br><\/strong>702 243 928<br>wifi.dmklast@seznam.cz<\/p>\n<\/div>\n\n\n\n<div class=\"wp-block-column is-layout-flow wp-block-column-is-layout-flow\" style=\"flex-basis:50%\">\n<p><strong>\u00da\u0159edn\u00ed hodiny<br><\/strong>Po\u2013\u010ct   8:00\u201316:00<br>p\u0159\u00edzem\u00ed, kancel\u00e1\u0159 \u00fa\u010dt\u00e1rny<\/p>\n<\/div>\n<\/div>\n","protected":false},"excerpt":{"rendered":"<p>Domov ml\u00e1de\u017ee umo\u017e\u0148uje ubytovan\u00fdm p\u0159\u00edstup k internetu pro studijn\u00ed \u00fa\u010dely a to n\u011bkolika zp\u016fsoby: 1. m\u00edstnost se stoln\u00edmi po\u010d\u00edta\u010di a pevn\u00fdm p\u0159ipojen\u00edm na 7. pat\u0159e2. studovny WiFi free s bezdr\u00e1tov\u00fdm p\u0159ipojen\u00edm na 3. a 7. pat\u0159e3.&nbsp;bezdr\u00e1tov\u00e9 p\u0159ipojen\u00ed \u2013 uzam\u010den\u00e1 WiFi s\u00ed\u0165 v t\u00e9m\u011b\u0159 cel\u00e9 budov\u011b PC M\u00cdSTNOST Na 7. pat\u0159e, v m\u00edstnosti 7\/12 jsou stoln\u00ed &hellip; <a href=\"https:\/\/www.dmklast4.cz\/index.php\/pripojeni-k-wifi\/\" class=\"more-link\">Pokra\u010dov\u00e1n\u00ed textu <span class=\"screen-reader-text\">P\u0159ipojen\u00ed k internetu<\/span><\/a><\/p>\n","protected":false},"author":3,"featured_media":0,"parent":0,"menu_order":0,"comment_status":"closed","ping_status":"closed","template":"","meta":{"footnotes":""},"class_list":["post-651","page","type-page","status-publish","hentry"],"_links":{"self":[{"href":"https:\/\/www.dmklast4.cz\/index.php\/wp-json\/wp\/v2\/pages\/651","targetHints":{"allow":["GET"]}}],"collection":[{"href":"https:\/\/www.dmklast4.cz\/index.php\/wp-json\/wp\/v2\/pages"}],"about":[{"href":"https:\/\/www.dmklast4.cz\/index.php\/wp-json\/wp\/v2\/types\/page"}],"author":[{"embeddable":true,"href":"https:\/\/www.dmklast4.cz\/index.php\/wp-json\/wp\/v2\/users\/3"}],"replies":[{"embeddable":true,"href":"https:\/\/www.dmklast4.cz\/index.php\/wp-json\/wp\/v2\/comments?post=651"}],"version-history":[{"count":79,"href":"https:\/\/www.dmklast4.cz\/index.php\/wp-json\/wp\/v2\/pages\/651\/revisions"}],"predecessor-version":[{"id":5715,"href":"https:\/\/www.dmklast4.cz\/index.php\/wp-json\/wp\/v2\/pages\/651\/revisions\/5715"}],"wp:attachment":[{"href":"https:\/\/www.dmklast4.cz\/index.php\/wp-json\/wp\/v2\/media?parent=651"}],"curies":[{"name":"wp","href":"https:\/\/api.w.org\/{rel}","templated":true}]}}