{"id":63,"date":"2017-08-17T17:50:59","date_gmt":"2017-08-17T17:50:59","guid":{"rendered":"http:\/\/www.dmklast4.cz\/rs\/wordpress\/?page_id=63"},"modified":"2025-12-29T08:58:01","modified_gmt":"2025-12-29T07:58:01","slug":"kontakty","status":"publish","type":"page","link":"https:\/\/www.dmklast4.cz\/index.php\/kontakty\/","title":{"rendered":"Kontakty"},"content":{"rendered":"\n<div class=\"wp-block-columns is-layout-flex wp-container-core-columns-is-layout-9d6595d7 wp-block-columns-is-layout-flex\">\n<div class=\"wp-block-column is-layout-flow wp-block-column-is-layout-flow\" style=\"flex-basis:100%\">\n<div class=\"wp-block-columns is-layout-flex wp-container-core-columns-is-layout-9d6595d7 wp-block-columns-is-layout-flex\">\n<div class=\"wp-block-column is-layout-flow wp-block-column-is-layout-flow\">\n<p class=\"has-medium-font-size\">Domov ml\u00e1de\u017ee a za\u0159\u00edzen\u00ed \u0161koln\u00edho stravov\u00e1n\u00ed Brno, p\u0159\u00edsp\u011bvkov\u00e1 organizace<\/p>\n\n\n\n<div class=\"wp-block-group has-dark-gray-color has-white-background-color has-text-color has-background\"><div class=\"wp-block-group__inner-container is-layout-flow wp-block-group-is-layout-flow\">\n<div class=\"wp-block-columns is-layout-flex wp-container-core-columns-is-layout-9d6595d7 wp-block-columns-is-layout-flex\">\n<div class=\"wp-block-column is-layout-flow wp-block-column-is-layout-flow\">\n<p><strong>Adresa<\/strong><br>Kl\u00e1\u0161tersk\u00e9ho 620\/4<br>617 00 Brno<\/p>\n\n\n\n<p><strong>E-mail<\/strong><br>dmklast4@seznam.cz<\/p>\n\n\n\n<p><strong>Datov\u00e1 schr\u00e1nka<\/strong><br>jxtxfy8<\/p>\n<\/div>\n\n\n\n<div class=\"wp-block-column is-layout-flow wp-block-column-is-layout-flow\">\n<p><strong>Bankovn\u00ed spojen\u00ed <\/strong><br>133933621<strong>\/<\/strong>0100<br>Komer\u010dn\u00ed banka  <\/p>\n\n\n\n<p><strong>I\u010cO<\/strong><br>00567396<\/p>\n\n\n\n<p><strong>Webov\u00e9 str\u00e1nky<\/strong><br>www.dmklast4.cz<\/p>\n<\/div>\n<\/div>\n<\/div><\/div>\n\n\n\n<p class=\"has-yellow-background-color has-background\">vr\u00e1tnice: <strong>545 234 268<\/strong><br>sborovna: <strong>605 778 051<\/strong>, 545 233 596 <strong><sub><sup>(omluvenky, zm\u011bny p\u0159\u00edjezd\u016f)<\/sup><\/sub><\/strong><br><a href=\"http:\/\/www.dmklast4.cz\/index.php\/kontakty\/provozni-usek\/\">provozn\u00ed \u00fasek<\/a><br><a href=\"http:\/\/www.dmklast4.cz\/index.php\/kontakty\/pedagogicky-sbor\/\">pedagogick\u00fd sbor<\/a><\/p>\n\n\n\n<p class=\"has-white-color has-text-color has-background\" style=\"background-color:#ed2630\">ubytov\u00e1n\u00ed, voln\u00e1 m\u00edsta: 732 598 866<br>platby za ubytov\u00e1n\u00ed: 739 593 508<br>platby za stravov\u00e1n\u00ed: 777 039 292<\/p>\n\n\n\n<p class=\"has-background\" style=\"background-color:#e6eaee\"><strong>\u00da\u0158EDN\u00cd HODINY<\/strong><br><br>pokladna<br><strong>Po\u2013\u010ct<\/strong> 7:00\u201315:30<br><strong>P\u00e1<\/strong> 7:00\u201312:00<br><br>stravov\u00e1n\u00ed<br><strong>Po, \u00dat, \u010ct, P\u00e1<\/strong> 5:30\u201314:00<br><strong>Po\u2013\u010ct<\/strong> 5:30\u201315:00<br><br>spr\u00e1vce WiFi<br><strong>Po\u2013\u010ct<\/strong> 8:00\u201316:00<\/p>\n\n\n\n<p class=\"has-background\" style=\"background-color:#e6eaee\"><strong>metodik prevence<\/strong><br>Mgr. Michal Boubel\u00edk,  <em>boubelik.dmklast@seznam.cz<\/em><\/p>\n\n\n\n<div class=\"wp-block-buttons is-content-justification-left is-layout-flex wp-container-core-buttons-is-layout-fdcfc74e wp-block-buttons-is-layout-flex\">\n<div class=\"wp-block-button has-custom-width wp-block-button__width-50\"><a class=\"wp-block-button__link has-background wp-element-button\" href=\"http:\/\/www.dmklast4.cz\/wp-content\/uploads\/2023\/01\/P-30-Organizacni-rad-3.pdf\" style=\"border-radius:0px;background-color:#003153\" target=\"_blank\" rel=\"noreferrer noopener\">ORGANIZA\u010cN\u00cd \u0158\u00c1D<\/a><\/div>\n\n\n\n<div class=\"wp-block-button has-custom-width wp-block-button__width-50\"><a class=\"wp-block-button__link has-background wp-element-button\" href=\"http:\/\/www.dmklast4.cz\/wp-content\/uploads\/2023\/01\/DM-PK-kap.-I-Priloha-2-Organizacni-schema-6.pdf\" style=\"border-radius:0px;background-color:#003153\" target=\"_blank\" rel=\"noreferrer noopener\">ORGANIZA\u010cN\u00cd SCH\u00c9MA<\/a><\/div>\n\n\n\n<div class=\"wp-block-button has-custom-width wp-block-button__width-50\"><a class=\"wp-block-button__link has-background wp-element-button\" href=\"http:\/\/www.dmklast4.cz\/wp-content\/uploads\/2023\/01\/Zrizovaci-listina.pdf\" style=\"border-radius:0px;background-color:#003153\" target=\"_blank\" rel=\"noreferrer noopener\">Z\u0158IZOVAC\u00cd LISTINA<\/a><\/div>\n\n\n\n<div class=\"wp-block-button has-custom-width wp-block-button__width-50\"><a class=\"wp-block-button__link has-background wp-element-button\" href=\"https:\/\/www.dmklast4.cz\/index.php\/prihlasky\/\" style=\"border-radius:0px;background-color:#003153\">p\u0159ihl\u00e1\u0161ka k ubytov\u00e1n\u00ed<\/a><\/div>\n<\/div>\n\n\n\n<div style=\"height:40px\" aria-hidden=\"true\" class=\"wp-block-spacer\"><\/div>\n\n\n\n<div class=\"wp-block-group has-white-background-color has-background\"><div class=\"wp-block-group__inner-container is-layout-flow wp-block-group-is-layout-flow\">\n<p><strong>Jsme \u010dlenem <a href=\"http:\/\/www.domovy-mladeze.cz\" target=\"_blank\" rel=\"noreferrer noopener\">OS ADMIN \u010cR<\/a><br><\/strong>(Asociace domov\u016f ml\u00e1de\u017ee a intern\u00e1t\u016f \u010cesk\u00e9 republiky)<\/p>\n\n\n\n<p><strong>Pracuje u n\u00e1s <a href=\"https:\/\/askcr.cz\/\" target=\"_blank\" rel=\"noreferrer noopener\">ST\u0158EDO\u0160KOLSK\u00dd KLUB ASK \u010cR<\/a><br><\/strong>(Asociace st\u0159edo\u0161kolsk\u00fdch klub\u016f \u010cesk\u00e9 republiky z.s.)<\/p>\n\n\n\n<div style=\"height:40px\" aria-hidden=\"true\" class=\"wp-block-spacer\"><\/div>\n\n\n\n<p><iframe loading=\"lazy\" style=\"border: 0;\" src=\"https:\/\/www.google.com\/maps\/embed?pb=!1m18!1m12!1m3!1d2608.2281179693973!2d16.618215716164!3d49.17725777931996!2m3!1f0!2f0!3f0!3m2!1i1024!2i768!4f13.1!3m3!1m2!1s0x47129504cbbfcbe3%3A0x9dc67987cc71b677!2zS2zDocWhdGVyc2vDqWhvIDYyMC80LCA2MTcgMDAgQnJuby1qaWgtS29tw6Fyb3Y!5e0!3m2!1scs!2scz!4v1493842389240\" width=\"600\" height=\"450\" frameborder=\"0\" allowfullscreen=\"allowfullscreen\"><\/iframe><\/p>\n<\/div><\/div>\n<\/div>\n<\/div>\n<\/div>\n<\/div>\n","protected":false},"excerpt":{"rendered":"<p>Domov ml\u00e1de\u017ee a za\u0159\u00edzen\u00ed \u0161koln\u00edho stravov\u00e1n\u00ed Brno, p\u0159\u00edsp\u011bvkov\u00e1 organizace AdresaKl\u00e1\u0161tersk\u00e9ho 620\/4617 00 Brno E-maildmklast4@seznam.cz Datov\u00e1 schr\u00e1nkajxtxfy8 Bankovn\u00ed spojen\u00ed 133933621\/0100Komer\u010dn\u00ed banka I\u010cO00567396 Webov\u00e9 str\u00e1nkywww.dmklast4.cz vr\u00e1tnice: 545 234 268sborovna: 605 778 051, 545 233 596 (omluvenky, zm\u011bny p\u0159\u00edjezd\u016f)provozn\u00ed \u00fasekpedagogick\u00fd sbor ubytov\u00e1n\u00ed, voln\u00e1 m\u00edsta: 732 598 866platby za ubytov\u00e1n\u00ed: 739 593 508platby za stravov\u00e1n\u00ed: 777 039 292 \u00da\u0158EDN\u00cd &hellip; <a href=\"https:\/\/www.dmklast4.cz\/index.php\/kontakty\/\" class=\"more-link\">Pokra\u010dov\u00e1n\u00ed textu <span class=\"screen-reader-text\">Kontakty<\/span><\/a><\/p>\n","protected":false},"author":3,"featured_media":0,"parent":0,"menu_order":0,"comment_status":"closed","ping_status":"closed","template":"","meta":{"footnotes":""},"class_list":["post-63","page","type-page","status-publish","hentry"],"_links":{"self":[{"href":"https:\/\/www.dmklast4.cz\/index.php\/wp-json\/wp\/v2\/pages\/63","targetHints":{"allow":["GET"]}}],"collection":[{"href":"https:\/\/www.dmklast4.cz\/index.php\/wp-json\/wp\/v2\/pages"}],"about":[{"href":"https:\/\/www.dmklast4.cz\/index.php\/wp-json\/wp\/v2\/types\/page"}],"author":[{"embeddable":true,"href":"https:\/\/www.dmklast4.cz\/index.php\/wp-json\/wp\/v2\/users\/3"}],"replies":[{"embeddable":true,"href":"https:\/\/www.dmklast4.cz\/index.php\/wp-json\/wp\/v2\/comments?post=63"}],"version-history":[{"count":136,"href":"https:\/\/www.dmklast4.cz\/index.php\/wp-json\/wp\/v2\/pages\/63\/revisions"}],"predecessor-version":[{"id":5923,"href":"https:\/\/www.dmklast4.cz\/index.php\/wp-json\/wp\/v2\/pages\/63\/revisions\/5923"}],"wp:attachment":[{"href":"https:\/\/www.dmklast4.cz\/index.php\/wp-json\/wp\/v2\/media?parent=63"}],"curies":[{"name":"wp","href":"https:\/\/api.w.org\/{rel}","templated":true}]}}