{"id":515,"date":"2019-11-21T16:16:49","date_gmt":"2019-11-21T16:16:49","guid":{"rendered":"http:\/\/www.dmklast4.cz\/rs\/wordpress\/?page_id=515"},"modified":"2026-04-07T15:01:47","modified_gmt":"2026-04-07T13:01:47","slug":"volna-mista","status":"publish","type":"page","link":"https:\/\/www.dmklast4.cz\/index.php\/volna-mista\/","title":{"rendered":"Voln\u00e1 m\u00edsta"},"content":{"rendered":"\n<p><em>Pokud m\u00e1te z\u00e1jem o pr\u00e1ci v domov\u011b ml\u00e1de\u017ee, ale aktu\u00e1ln\u011b nem\u00e1me vypsanou volnou pozici, kter\u00e1 odpov\u00edd\u00e1 va\u0161\u00ed odbornosti, i tak budeme r\u00e1di, pokud n\u00e1m za\u0161lete sv\u016fj \u017eivotopis (na e-mailovou adresu dmklast4@seznam.cz). T\u011b\u0161\u00ed n\u00e1s v\u00e1\u0161 z\u00e1jem a budeme v\u00e1s kontaktovat, a\u017e budeme hledat vhodnou kandid\u00e1tku nebo vhodn\u00e9ho kandid\u00e1ta na pozici, kter\u00e1 odpov\u00edd\u00e1 va\u0161emu z\u00e1jmu, vzd\u011bl\u00e1n\u00ed a profesn\u00ed zku\u0161enosti.<\/em><\/p>\n\n\n\n<hr class=\"wp-block-separator has-alpha-channel-opacity is-style-wide\"\/>\n\n\n\n<p class=\"has-text-color has-link-color wp-elements-47ada9d15fbf72b82cf9b088ec40ac91\" style=\"color:#003153\"><strong>KUCHA\u0158\/KA \u2013 V\u00ddDEJ VE\u010cE\u0158\u00cd<\/strong><\/p>\n\n\n\n<p>Pr\u00e1ce na HPP, pracovn\u00ed doba: Po\u2013\u010ct (15:00\u201320:00 hodin), vyu\u010den\u00ed nen\u00ed podm\u00ednkou, vhodn\u00e9 pro d\u016fchodce a ZPS, n\u00e1stup v srpnu 2026, informace na tel.: 777 039 292 (V\u011bra Krej\u010d\u00ed).<\/p>\n\n\n\n<p><\/p>\n","protected":false},"excerpt":{"rendered":"<p>Pokud m\u00e1te z\u00e1jem o pr\u00e1ci v domov\u011b ml\u00e1de\u017ee, ale aktu\u00e1ln\u011b nem\u00e1me vypsanou volnou pozici, kter\u00e1 odpov\u00edd\u00e1 va\u0161\u00ed odbornosti, i tak budeme r\u00e1di, pokud n\u00e1m za\u0161lete sv\u016fj \u017eivotopis (na e-mailovou adresu dmklast4@seznam.cz). T\u011b\u0161\u00ed n\u00e1s v\u00e1\u0161 z\u00e1jem a budeme v\u00e1s kontaktovat, a\u017e budeme hledat vhodnou kandid\u00e1tku nebo vhodn\u00e9ho kandid\u00e1ta na pozici, kter\u00e1 odpov\u00edd\u00e1 va\u0161emu z\u00e1jmu, vzd\u011bl\u00e1n\u00ed a &hellip; <a href=\"https:\/\/www.dmklast4.cz\/index.php\/volna-mista\/\" class=\"more-link\">Pokra\u010dov\u00e1n\u00ed textu <span class=\"screen-reader-text\">Voln\u00e1 m\u00edsta<\/span><\/a><\/p>\n","protected":false},"author":3,"featured_media":0,"parent":0,"menu_order":0,"comment_status":"closed","ping_status":"closed","template":"","meta":{"footnotes":""},"class_list":["post-515","page","type-page","status-publish","hentry"],"_links":{"self":[{"href":"https:\/\/www.dmklast4.cz\/index.php\/wp-json\/wp\/v2\/pages\/515","targetHints":{"allow":["GET"]}}],"collection":[{"href":"https:\/\/www.dmklast4.cz\/index.php\/wp-json\/wp\/v2\/pages"}],"about":[{"href":"https:\/\/www.dmklast4.cz\/index.php\/wp-json\/wp\/v2\/types\/page"}],"author":[{"embeddable":true,"href":"https:\/\/www.dmklast4.cz\/index.php\/wp-json\/wp\/v2\/users\/3"}],"replies":[{"embeddable":true,"href":"https:\/\/www.dmklast4.cz\/index.php\/wp-json\/wp\/v2\/comments?post=515"}],"version-history":[{"count":58,"href":"https:\/\/www.dmklast4.cz\/index.php\/wp-json\/wp\/v2\/pages\/515\/revisions"}],"predecessor-version":[{"id":6024,"href":"https:\/\/www.dmklast4.cz\/index.php\/wp-json\/wp\/v2\/pages\/515\/revisions\/6024"}],"wp:attachment":[{"href":"https:\/\/www.dmklast4.cz\/index.php\/wp-json\/wp\/v2\/media?parent=515"}],"curies":[{"name":"wp","href":"https:\/\/api.w.org\/{rel}","templated":true}]}}