{"id":4341,"date":"2023-10-20T10:05:36","date_gmt":"2023-10-20T08:05:36","guid":{"rendered":"http:\/\/www.dmklast4.cz\/?page_id=4341"},"modified":"2025-11-10T13:11:16","modified_gmt":"2025-11-10T12:11:16","slug":"archiv-reportazi-z-sachu","status":"publish","type":"page","link":"https:\/\/www.dmklast4.cz\/index.php\/archiv-reportazi-z-sachu\/","title":{"rendered":"Archiv report\u00e1\u017e\u00ed z \u0161achu"},"content":{"rendered":"\n<h2 class=\"wp-block-heading has-text-color\" style=\"color:#ed2630\"><strong>M\u011aSTSK\u00dd P\u0158EBOR BRNO 2024\/2025<\/strong><\/h2>\n\n\n\n<p><a href=\"http:\/\/www.dmklast4.cz\/index.php\/2024\/10\/23\/reportaz-z-sachu-1-24-25\/\" target=\"_blank\" rel=\"noreferrer noopener\">1. kolo<\/a> <strong>DM Kl\u00e1\u0161tersk\u00e9ho A \u2013 DM Kl\u00e1\u0161tersk\u00e9ho B<\/strong><br><a href=\"http:\/\/www.dmklast4.cz\/index.php\/2024\/11\/08\/reportaz-z-sachu-2-24-25\/\" target=\"_blank\" rel=\"noreferrer noopener\">2. kolo<\/a> <strong>DM Kl\u00e1\u0161tersk\u00e9ho B \u2013 Lokomotiva G<\/strong><br><a href=\"http:\/\/www.dmklast4.cz\/index.php\/2024\/11\/22\/reportaz-z-sachu-3-24-25\/\">3. kolo<\/a> <strong>Univerzita D \u2013 DM Kl\u00e1\u0161tersk\u00e9ho B<\/strong><br><a href=\"http:\/\/www.dmklast4.cz\/index.php\/2024\/12\/10\/reportaz-z-sachu-4-24-25\/\">4. kolo<\/a> <strong>DM Kl\u00e1\u0161tersk\u00e9ho B \u2013 Moravsk\u00e1 Slavia E<\/strong><br><a href=\"http:\/\/www.dmklast4.cz\/index.php\/2024\/12\/18\/reportaz-z-sachu-5-24-25\/\">5. kolo<\/a> <strong>Duras D \u2013 DM Kl\u00e1\u0161tersk\u00e9ho B<\/strong><br><a href=\"http:\/\/www.dmklast4.cz\/index.php\/2025\/01\/09\/reportaz-z-sachu-6-24-25\/\">6. kolo<\/a> <strong>Bystrc Oilers \u2013 DM Kl\u00e1\u0161tersk\u00e9ho B<\/strong><br><a href=\"http:\/\/www.dmklast4.cz\/index.php\/2025\/01\/24\/reportaz-z-sachu-7-24-25\/\">7. kolo<\/a> <strong>DM Kl\u00e1\u0161tersk\u00e9ho B \u2013 Lokomotiva F<\/strong><br><a href=\"http:\/\/www.dmklast4.cz\/index.php\/2025\/02\/12\/reportaz-z-sachu-8-24-25\/\">8. kolo<\/a> <strong>\u0160K 64 \u2013 DM Kl\u00e1\u0161tersk\u00e9ho B<\/strong><br><a href=\"http:\/\/www.dmklast4.cz\/index.php\/2025\/02\/24\/reportaz-z-sachu-9-24-25\/?fbclid=IwY2xjawIpBO5leHRuA2FlbQIxMQABHXucRdzGj7aWluLMmKYRKiKjQ1PiL-B47YYVNSPAJ9jGGK3HKbVsXUx8gw_aem_5ATpiUkjnl4V-ZoA8w2nbA\">9. kolo<\/a> <strong>DM Kl\u00e1\u0161tersk\u00e9ho B \u2013 Vojensk\u00e1 akademie<\/strong><\/p>\n\n\n\n<h2 class=\"wp-block-heading has-text-color\" style=\"color:#ed2630\"><strong>M\u011aSTSK\u00dd P\u0158EBOR BRNO 2023\/2024<\/strong><\/h2>\n\n\n\n<p><a href=\"http:\/\/www.dmklast4.cz\/index.php\/2023\/10\/20\/reportaz-z-sachu-1-23-24\/\" target=\"_blank\" rel=\"noreferrer noopener\">1. kolo<\/a> <strong>Univerzita D \u2013 DM Kl\u00e1\u0161tersk\u00e9ho B<\/strong><br><a href=\"http:\/\/www.dmklast4.cz\/index.php\/2023\/11\/03\/reportaz-z-sachu-2-23-24\/\" target=\"_blank\" rel=\"noreferrer noopener\">2. kolo<\/a> <strong>DM Kl\u00e1\u0161tersk\u00e9ho B \u2013 DM Kl\u00e1\u0161tersk\u00e9ho A<\/strong><br><a href=\"http:\/\/www.dmklast4.cz\/index.php\/2023\/11\/20\/reportaz-z-sachu-3-23-24\/\" target=\"_blank\" rel=\"noreferrer noopener\">3. kolo<\/a> <strong>\u0160K 64 \u2013 DM Kl\u00e1\u0161tersk\u00e9ho B<\/strong><br><a href=\"http:\/\/www.dmklast4.cz\/index.php\/2023\/12\/01\/reportaz-z-sachu-4-23-24\/\" target=\"_blank\" rel=\"noreferrer noopener\">4. kolo<\/a> <strong>DM Kl\u00e1\u0161tersk\u00e9ho B \u2013 Lokomotiva F<\/strong><br><a href=\"http:\/\/www.dmklast4.cz\/index.php\/2023\/12\/13\/reportaz-z-sachu-5-23-24\/\" target=\"_blank\" rel=\"noreferrer noopener\">5. kolo<\/a> <strong>Jezdci Jundrov E \u2013 DM Kl\u00e1\u0161tersk\u00e9ho B<\/strong><br><a href=\"http:\/\/www.dmklast4.cz\/index.php\/2024\/01\/12\/reportaz-z-sachu-6-23-24\/\" target=\"_blank\" rel=\"noreferrer noopener\">6. kolo<\/a> <strong>DM Kl\u00e1\u0161tersk\u00e9ho B \u2013 Moravsk\u00e1 Slavia<\/strong><br><a href=\"http:\/\/www.dmklast4.cz\/index.php\/2024\/01\/26\/reportaz-z-sachu-7-23-24\/\" target=\"_blank\" rel=\"noreferrer noopener\">7. kolo<\/a> <strong>Vojensk\u00e1 akademie \u2013 DM Kl\u00e1\u0161tersk\u00e9ho B<\/strong><br>8. kolo volno<br><a href=\"http:\/\/www.dmklast4.cz\/index.php\/2024\/02\/23\/reportaz-z-sachu-9-23-24\/\" target=\"_blank\" rel=\"noreferrer noopener\">9. kolo<\/a> <strong>DM Kl\u00e1\u0161tersk\u00e9ho B \u2013 Lokomotiva G<\/strong><br><a href=\"http:\/\/www.dmklast4.cz\/index.php\/2024\/03\/06\/reportaz-z-sachu-10-23-24\/\" target=\"_blank\" rel=\"noreferrer noopener\">10. kolo<\/a> <strong>Bystrc Oilers \u2013 DM Kl\u00e1\u0161tersk\u00e9ho B<\/strong><br><a href=\"http:\/\/www.dmklast4.cz\/index.php\/2024\/03\/22\/reportaz-z-sachu-11-23-24\/\" target=\"_blank\" rel=\"noreferrer noopener\">11. kolo<\/a> <strong>DM Kl\u00e1\u0161tersk\u00e9ho B \u2013 Duras D<\/strong><br><br><a href=\"http:\/\/www.dmklast4.cz\/index.php\/2024\/04\/10\/zaverecne-hodnoceni-sachu\/\" target=\"_blank\" rel=\"noreferrer noopener\">Z\u00e1v\u011bre\u010dn\u00e9 hodnocen\u00ed<\/a><\/p>\n\n\n\n<h2 class=\"wp-block-heading has-text-color\" style=\"color:#ed2630\"><strong>M\u011aSTSK\u00dd P\u0158EBOR BRNO 2022\/2023<\/strong><\/h2>\n\n\n\n<p><a rel=\"noreferrer noopener\" href=\"http:\/\/www.dmklast4.cz\/index.php\/2022\/11\/29\/reportaz-z-sachu-1\/\" target=\"_blank\">1. kolo<\/a>    <strong>\u0160K 64 B \u2013 DM Kl\u00e1\u0161tersk\u00e9ho B<\/strong><br><a rel=\"noreferrer noopener\" href=\"http:\/\/www.dmklast4.cz\/index.php\/2022\/12\/02\/reportaz-z-sachu-2\/\" target=\"_blank\">2. kolo<\/a>    <strong>DM Kl\u00e1\u0161tersk\u00e9ho B \u2013 Vojensk\u00e1 akademie<\/strong><br><a rel=\"noreferrer noopener\" href=\"http:\/\/www.dmklast4.cz\/index.php\/2022\/12\/02\/reportaz-z-sachu-3\/\" target=\"_blank\">3. kolo<\/a>    <strong>Lokomotiva G \u2013 DM Kl\u00e1\u0161tersk\u00e9ho B<\/strong><br><a rel=\"noreferrer noopener\" href=\"http:\/\/www.dmklast4.cz\/index.php\/2022\/12\/02\/reportaz-z-sachu-4\/\" target=\"_blank\">4. kolo<\/a>    <strong>DM Kl\u00e1\u0161tersk\u00e9ho B \u2013 Moravsk\u00e1 Slavia E<\/strong><br><a rel=\"noreferrer noopener\" href=\"http:\/\/www.dmklast4.cz\/index.php\/2022\/12\/12\/reportaz-z-sachu-5\/\" target=\"_blank\">P\u0159edehr\u00e1vka 9. kola<\/a> <strong>DM Kl\u00e1\u0161tersk\u00e9ho A \u2013 <strong>DM Kl\u00e1\u0161tersk\u00e9ho B<\/strong><\/strong><br><a rel=\"noreferrer noopener\" href=\"http:\/\/www.dmklast4.cz\/index.php\/2022\/12\/15\/reportaz-z-sachu-6\/\" target=\"_blank\">5. kolo<\/a>    <strong>DURAS D \u2013 DM Kl\u00e1\u0161tersk\u00e9ho B<\/strong><br><a rel=\"noreferrer noopener\" href=\"http:\/\/www.dmklast4.cz\/index.php\/2023\/01\/13\/reportaz-z-sachu-7\/\" target=\"_blank\">6. kolo<\/a>    <strong>DM Kl\u00e1\u0161tersk\u00e9ho B \u2013 Bystrc Oilers<\/strong><br><a rel=\"noreferrer noopener\" href=\"http:\/\/www.dmklast4.cz\/index.php\/2023\/01\/26\/reportaz-z-sachu-8\/\" target=\"_blank\">7. kolo<\/a>    <strong>Univerzita D \u2013 DM Kl\u00e1\u0161tersk\u00e9ho B<\/strong><br><a rel=\"noreferrer noopener\" href=\"http:\/\/www.dmklast4.cz\/index.php\/2023\/02\/17\/reportaz-z-sachu-9\/\" target=\"_blank\">8. kolo<\/a>    <strong>DM Kl\u00e1\u0161tersk\u00e9ho B \u2013 Lokomotiva F<\/strong><\/p>\n","protected":false},"excerpt":{"rendered":"<p>M\u011aSTSK\u00dd P\u0158EBOR BRNO 2024\/2025 1. kolo DM Kl\u00e1\u0161tersk\u00e9ho A \u2013 DM Kl\u00e1\u0161tersk\u00e9ho B2. kolo DM Kl\u00e1\u0161tersk\u00e9ho B \u2013 Lokomotiva G3. kolo Univerzita D \u2013 DM Kl\u00e1\u0161tersk\u00e9ho B4. kolo DM Kl\u00e1\u0161tersk\u00e9ho B \u2013 Moravsk\u00e1 Slavia E5. kolo Duras D \u2013 DM Kl\u00e1\u0161tersk\u00e9ho B6. kolo Bystrc Oilers \u2013 DM Kl\u00e1\u0161tersk\u00e9ho B7. kolo DM Kl\u00e1\u0161tersk\u00e9ho B \u2013 Lokomotiva &hellip; <a href=\"https:\/\/www.dmklast4.cz\/index.php\/archiv-reportazi-z-sachu\/\" class=\"more-link\">Pokra\u010dov\u00e1n\u00ed textu <span class=\"screen-reader-text\">Archiv report\u00e1\u017e\u00ed z \u0161achu<\/span><\/a><\/p>\n","protected":false},"author":3,"featured_media":0,"parent":0,"menu_order":0,"comment_status":"closed","ping_status":"closed","template":"","meta":{"footnotes":""},"class_list":["post-4341","page","type-page","status-publish","hentry"],"_links":{"self":[{"href":"https:\/\/www.dmklast4.cz\/index.php\/wp-json\/wp\/v2\/pages\/4341","targetHints":{"allow":["GET"]}}],"collection":[{"href":"https:\/\/www.dmklast4.cz\/index.php\/wp-json\/wp\/v2\/pages"}],"about":[{"href":"https:\/\/www.dmklast4.cz\/index.php\/wp-json\/wp\/v2\/types\/page"}],"author":[{"embeddable":true,"href":"https:\/\/www.dmklast4.cz\/index.php\/wp-json\/wp\/v2\/users\/3"}],"replies":[{"embeddable":true,"href":"https:\/\/www.dmklast4.cz\/index.php\/wp-json\/wp\/v2\/comments?post=4341"}],"version-history":[{"count":7,"href":"https:\/\/www.dmklast4.cz\/index.php\/wp-json\/wp\/v2\/pages\/4341\/revisions"}],"predecessor-version":[{"id":5796,"href":"https:\/\/www.dmklast4.cz\/index.php\/wp-json\/wp\/v2\/pages\/4341\/revisions\/5796"}],"wp:attachment":[{"href":"https:\/\/www.dmklast4.cz\/index.php\/wp-json\/wp\/v2\/media?parent=4341"}],"curies":[{"name":"wp","href":"https:\/\/api.w.org\/{rel}","templated":true}]}}