{"id":3503,"date":"2022-11-30T08:27:33","date_gmt":"2022-11-30T07:27:33","guid":{"rendered":"http:\/\/www.dmklast4.cz\/?page_id=3503"},"modified":"2026-03-03T15:53:31","modified_gmt":"2026-03-03T14:53:31","slug":"reportaze","status":"publish","type":"page","link":"https:\/\/www.dmklast4.cz\/index.php\/reportaze\/","title":{"rendered":"Report\u00e1\u017ee z \u0161achu"},"content":{"rendered":"\n<p>Ahoj \u0161achov\u00ed spoluhr\u00e1\u010di, zkus\u00edm v\u00e1m napsat stru\u010dn\u00e9 reporty ze z\u00e1pas\u016f M\u011bstsk\u00e9ho p\u0159eboru Brno, pokud to p\u016fjde.<\/p>\n\n\n\n<p class=\"has-text-align-right\"><em>Tom\u00e1\u0161 Dorazil, kapit\u00e1n<\/em><\/p>\n\n\n\n<h2 class=\"wp-block-heading has-text-color\" style=\"color:#003153\"><strong>M\u011aSTSK\u00dd P\u0158EBOR BRNO 2025\/2026<\/strong><\/h2>\n\n\n\n<p><a href=\"http:\/\/www.dmklast4.cz\/index.php\/2025\/11\/10\/reportaz-z-sachu-1-25-26\/\" target=\"_blank\" rel=\"noreferrer noopener\">1. kolo<\/a> <strong>DM Kl\u00e1\u0161tersk\u00e9ho B \u2013 Moravsk\u00e1 Slavia E<\/strong><br><a href=\"https:\/\/www.dmklast4.cz\/index.php\/2025\/11\/18\/reportaz-z-sachu-2-25-26\/\" target=\"_blank\" rel=\"noreferrer noopener\">2. kolo<\/a> <strong>Lokomotiva H \u2013 DM Kl\u00e1\u0161tersk\u00e9ho B<\/strong><br><a href=\"https:\/\/www.dmklast4.cz\/index.php\/2025\/12\/16\/reportaz-z-sachu-3-25-26\/\" target=\"_blank\" rel=\"noreferrer noopener\">3. kolo<\/a> <strong>DM Kl\u00e1\u0161tersk\u00e9ho B \u2013 DM Kl\u00e1\u0161tersk\u00e9ho A<\/strong><br><a href=\"https:\/\/www.dmklast4.cz\/index.php\/2026\/01\/24\/reportaz-z-sachu-4-25-26\/\" target=\"_blank\" rel=\"noreferrer noopener\">4. kolo<\/a> <strong>Bystrc Oilers \u2013 DM Kl\u00e1\u0161tersk\u00e9ho B<\/strong><br><a href=\"https:\/\/www.dmklast4.cz\/index.php\/2026\/01\/29\/reportaz-z-sachu-5-25-26\/\" target=\"_blank\" rel=\"noreferrer noopener\">5. kolo<\/a> <strong>DM Kl\u00e1\u0161tersk\u00e9ho B \u2013 Selesi\u00e1ni \u017dabiny B<\/strong><br><a href=\"https:\/\/www.dmklast4.cz\/index.php\/2026\/02\/09\/reportaz-z-sachu-6-25-26\/\" target=\"_blank\" rel=\"noreferrer noopener\">6. kolo<\/a> <strong>Lokomotiva G \u2013 DM Kl\u00e1\u0161tersk\u00e9ho B<\/strong><br><a href=\"https:\/\/www.dmklast4.cz\/index.php\/2026\/03\/03\/reportaz-z-sachu-7-25-26\/\" target=\"_blank\" rel=\"noreferrer noopener\">7. kolo<\/a> <strong>DM Kl\u00e1\u0161tersk\u00e9ho B \u2013 Univerzita C<\/strong><\/p>\n\n\n\n<div style=\"height:50px\" aria-hidden=\"true\" class=\"wp-block-spacer\"><\/div>\n\n\n\n<div class=\"wp-block-buttons is-layout-flex wp-block-buttons-is-layout-flex\">\n<div class=\"wp-block-button\"><a class=\"wp-block-button__link has-background has-custom-font-size wp-element-button\" href=\"http:\/\/www.dmklast4.cz\/index.php\/archiv-reportazi-z-sachu\/\" style=\"background-color:#ed2630;font-size:18px\">ARCHIV<\/a><\/div>\n<\/div>\n\n\n\n<div style=\"height:50px\" aria-hidden=\"true\" class=\"wp-block-spacer\"><\/div>\n\n\n\n<figure class=\"wp-block-image size-full\"><img loading=\"lazy\" decoding=\"async\" width=\"876\" height=\"657\" src=\"http:\/\/www.dmklast4.cz\/wp-content\/uploads\/2022\/11\/SK64_DMB.jpg\" alt=\"\" class=\"wp-image-3448\" srcset=\"https:\/\/www.dmklast4.cz\/wp-content\/uploads\/2022\/11\/SK64_DMB.jpg 876w, https:\/\/www.dmklast4.cz\/wp-content\/uploads\/2022\/11\/SK64_DMB-300x225.jpg 300w, https:\/\/www.dmklast4.cz\/wp-content\/uploads\/2022\/11\/SK64_DMB-768x576.jpg 768w\" sizes=\"auto, (max-width: 876px) 100vw, 876px\" \/><\/figure>\n","protected":false},"excerpt":{"rendered":"<p>Ahoj \u0161achov\u00ed spoluhr\u00e1\u010di, zkus\u00edm v\u00e1m napsat stru\u010dn\u00e9 reporty ze z\u00e1pas\u016f M\u011bstsk\u00e9ho p\u0159eboru Brno, pokud to p\u016fjde. Tom\u00e1\u0161 Dorazil, kapit\u00e1n M\u011aSTSK\u00dd P\u0158EBOR BRNO 2025\/2026 1. kolo DM Kl\u00e1\u0161tersk\u00e9ho B \u2013 Moravsk\u00e1 Slavia E2. kolo Lokomotiva H \u2013 DM Kl\u00e1\u0161tersk\u00e9ho B3. kolo DM Kl\u00e1\u0161tersk\u00e9ho B \u2013 DM Kl\u00e1\u0161tersk\u00e9ho A4. kolo Bystrc Oilers \u2013 DM Kl\u00e1\u0161tersk\u00e9ho B5. kolo &hellip; <a href=\"https:\/\/www.dmklast4.cz\/index.php\/reportaze\/\" class=\"more-link\">Pokra\u010dov\u00e1n\u00ed textu <span class=\"screen-reader-text\">Report\u00e1\u017ee z \u0161achu<\/span><\/a><\/p>\n","protected":false},"author":3,"featured_media":0,"parent":0,"menu_order":0,"comment_status":"closed","ping_status":"closed","template":"","meta":{"footnotes":""},"class_list":["post-3503","page","type-page","status-publish","hentry"],"_links":{"self":[{"href":"https:\/\/www.dmklast4.cz\/index.php\/wp-json\/wp\/v2\/pages\/3503","targetHints":{"allow":["GET"]}}],"collection":[{"href":"https:\/\/www.dmklast4.cz\/index.php\/wp-json\/wp\/v2\/pages"}],"about":[{"href":"https:\/\/www.dmklast4.cz\/index.php\/wp-json\/wp\/v2\/types\/page"}],"author":[{"embeddable":true,"href":"https:\/\/www.dmklast4.cz\/index.php\/wp-json\/wp\/v2\/users\/3"}],"replies":[{"embeddable":true,"href":"https:\/\/www.dmklast4.cz\/index.php\/wp-json\/wp\/v2\/comments?post=3503"}],"version-history":[{"count":55,"href":"https:\/\/www.dmklast4.cz\/index.php\/wp-json\/wp\/v2\/pages\/3503\/revisions"}],"predecessor-version":[{"id":5962,"href":"https:\/\/www.dmklast4.cz\/index.php\/wp-json\/wp\/v2\/pages\/3503\/revisions\/5962"}],"wp:attachment":[{"href":"https:\/\/www.dmklast4.cz\/index.php\/wp-json\/wp\/v2\/media?parent=3503"}],"curies":[{"name":"wp","href":"https:\/\/api.w.org\/{rel}","templated":true}]}}