{"id":35,"date":"2017-08-14T05:24:06","date_gmt":"2017-08-14T05:24:06","guid":{"rendered":"http:\/\/www.dmklast4.cz\/rs\/wordpress\/?page_id=35"},"modified":"2022-05-02T14:01:16","modified_gmt":"2022-05-02T12:01:16","slug":"certifikaty","status":"publish","type":"page","link":"https:\/\/www.dmklast4.cz\/index.php\/o-nas\/certifikaty\/","title":{"rendered":"Certifik\u00e1ty"},"content":{"rendered":"\n<p>Na\u0161e organizace je prvn\u00edm samostatn\u00fdm domovem ml\u00e1de\u017ee v&nbsp;\u010cesk\u00e9 republice, jej\u00ed\u017e \u0159\u00edzen\u00ed je v&nbsp;souladu s&nbsp;mezin\u00e1rodn\u00ed normou pro \u0159\u00edzen\u00ed kvality&nbsp;<strong>ISO 9001<\/strong>. Syst\u00e9m \u0159\u00edzen\u00ed kvality vedeme v oblastech&nbsp;v\u00fdchovn\u00e9 p\u00e9\u010de, ubytov\u00e1n\u00ed, stravov\u00e1n\u00ed a volno\u010dasov\u00fdch aktivit.<\/p>\n\n\n\n<div style=\"height:30px\" aria-hidden=\"true\" class=\"wp-block-spacer\"><\/div>\n\n\n\n<div class=\"wp-block-columns is-layout-flex wp-container-core-columns-is-layout-9d6595d7 wp-block-columns-is-layout-flex\">\n<div class=\"wp-block-column is-layout-flow wp-block-column-is-layout-flow\">\n<figure class=\"wp-block-image size-full\"><img loading=\"lazy\" decoding=\"async\" width=\"134\" height=\"135\" src=\"http:\/\/www.dmklast4.cz\/wp-content\/uploads\/2022\/04\/iqnet-certifikovano.jpg\" alt=\"\" class=\"wp-image-2771\"\/><\/figure>\n<\/div>\n\n\n\n<div class=\"wp-block-column is-layout-flow wp-block-column-is-layout-flow\">\n<figure class=\"wp-block-image size-full\"><img loading=\"lazy\" decoding=\"async\" width=\"134\" height=\"86\" src=\"http:\/\/www.dmklast4.cz\/wp-content\/uploads\/2022\/04\/logo.jpg\" alt=\"\" class=\"wp-image-2772\"\/><\/figure>\n<\/div>\n\n\n\n<div class=\"wp-block-column is-layout-flow wp-block-column-is-layout-flow\">\n<figure class=\"wp-block-image size-full\"><img loading=\"lazy\" decoding=\"async\" width=\"134\" height=\"134\" src=\"http:\/\/www.dmklast4.cz\/wp-content\/uploads\/2022\/04\/iso.jpg\" alt=\"\" class=\"wp-image-2778\"\/><\/figure>\n<\/div>\n<\/div>\n","protected":false},"excerpt":{"rendered":"<p>Na\u0161e organizace je prvn\u00edm samostatn\u00fdm domovem ml\u00e1de\u017ee v&nbsp;\u010cesk\u00e9 republice, jej\u00ed\u017e \u0159\u00edzen\u00ed je v&nbsp;souladu s&nbsp;mezin\u00e1rodn\u00ed normou pro \u0159\u00edzen\u00ed kvality&nbsp;ISO 9001. Syst\u00e9m \u0159\u00edzen\u00ed kvality vedeme v oblastech&nbsp;v\u00fdchovn\u00e9 p\u00e9\u010de, ubytov\u00e1n\u00ed, stravov\u00e1n\u00ed a volno\u010dasov\u00fdch aktivit.<\/p>\n","protected":false},"author":3,"featured_media":0,"parent":109,"menu_order":0,"comment_status":"closed","ping_status":"closed","template":"","meta":{"footnotes":""},"class_list":["post-35","page","type-page","status-publish","hentry"],"_links":{"self":[{"href":"https:\/\/www.dmklast4.cz\/index.php\/wp-json\/wp\/v2\/pages\/35","targetHints":{"allow":["GET"]}}],"collection":[{"href":"https:\/\/www.dmklast4.cz\/index.php\/wp-json\/wp\/v2\/pages"}],"about":[{"href":"https:\/\/www.dmklast4.cz\/index.php\/wp-json\/wp\/v2\/types\/page"}],"author":[{"embeddable":true,"href":"https:\/\/www.dmklast4.cz\/index.php\/wp-json\/wp\/v2\/users\/3"}],"replies":[{"embeddable":true,"href":"https:\/\/www.dmklast4.cz\/index.php\/wp-json\/wp\/v2\/comments?post=35"}],"version-history":[{"count":10,"href":"https:\/\/www.dmklast4.cz\/index.php\/wp-json\/wp\/v2\/pages\/35\/revisions"}],"predecessor-version":[{"id":2987,"href":"https:\/\/www.dmklast4.cz\/index.php\/wp-json\/wp\/v2\/pages\/35\/revisions\/2987"}],"up":[{"embeddable":true,"href":"https:\/\/www.dmklast4.cz\/index.php\/wp-json\/wp\/v2\/pages\/109"}],"wp:attachment":[{"href":"https:\/\/www.dmklast4.cz\/index.php\/wp-json\/wp\/v2\/media?parent=35"}],"curies":[{"name":"wp","href":"https:\/\/api.w.org\/{rel}","templated":true}]}}