{"id":3482,"date":"2022-11-30T08:08:07","date_gmt":"2022-11-30T07:08:07","guid":{"rendered":"http:\/\/www.dmklast4.cz\/?page_id=3482"},"modified":"2023-10-20T12:45:09","modified_gmt":"2023-10-20T10:45:09","slug":"maly-sachovy-slovnicek","status":"publish","type":"page","link":"https:\/\/www.dmklast4.cz\/index.php\/maly-sachovy-slovnicek\/","title":{"rendered":"\u0160achov\u00fd slovn\u00ed\u010dek"},"content":{"rendered":"\n<p><strong>\u010cASOVKA<\/strong><br>\u010dasov\u00e1 t\u00edse\u0148 (\u010das ur\u010den\u00fd ke h\u0159e brzy vypr\u0161\u00ed)<\/p>\n\n\n\n<p><strong>DESKA<\/strong><br>\u0161achovnice<\/p>\n\n\n\n<p><strong>DVOJ\u00daDER<\/strong><br>sou\u010dasn\u00fd \u00fatok na dva c\u00edle<\/p>\n\n\n\n<p><strong>ELO<\/strong><br>m\u011b\u0159en\u00e1 moment\u00e1ln\u00ed v\u00fdkonnost \u0161achisty<\/p>\n\n\n\n<p><strong>GAMBIT<\/strong><br>\u0161achov\u00e9 zah\u00e1jen\u00ed, ve kter\u00e9m hr\u00e1\u010d ob\u011btuje materi\u00e1l, aby dos\u00e1hl n\u011bjak\u00e9 pozi\u010dn\u00ed v\u00fdhody, zost\u0159en\u00ed hry nebo znep\u0159ehledn\u011bn\u00ed pozice<\/p>\n\n\n\n<p><strong>HOSTUJ\u00cdC\u00cd HR\u00c1\u010c<\/strong><br>hr\u00e1\u010d vyp\u016fj\u010den\u00fd z jin\u00e9ho klubu<\/p>\n\n\n\n<p><strong>KVALITA<\/strong><br>materi\u00e1ln\u00ed p\u0159evaha (v p\u0159enesen\u00e9m v\u00fdznamu nej\u010dast\u011bji zisk v\u011b\u017ee soupe\u0159e za lehkou figuru)<br><br><strong>FIGURA<\/strong> <strong>LEHK\u00c1<\/strong><br>jezdec nebo st\u0159elec<\/p>\n\n\n\n<p><strong><strong>FIGURA<\/strong><\/strong> <strong>T\u011a\u017dK\u00c1<\/strong><br>d\u00e1ma a v\u011b\u017e<\/p>\n\n\n\n<p><strong>PIK (t\u00e9\u017e flok)<\/strong><br>p\u011b\u0161ec<\/p>\n\n\n\n<p><strong>P\u016eLKA<\/strong><br>p\u016fl bodu za rem\u00edzu<\/p>\n\n\n\n<p><strong>VAZBA<\/strong><br>nemo\u017enost odtahu jedn\u00e9 z figur (vazba se d\u011bl\u00ed na absolutn\u00ed a relativn\u00ed)<\/p>\n\n\n\n<p><strong><strong>VAZBA<\/strong><\/strong> <strong>ABSOLUTN\u00cd<\/strong><br>druhou z figur je kr\u00e1l, odtah by znamenal poru\u0161en\u00ed pravidel<\/p>\n\n\n\n<p><strong>VAZBA<\/strong> <strong>RELATIVN\u00cd<\/strong><br>druhou z figur je figura v\u011bt\u0161\u00ed kvality ne\u017e prvn\u00ed, odtah znamen\u00e1 materi\u00e1ln\u00ed ztr\u00e1tu<\/p>\n\n\n\n<p><strong>VIDLI\u010cKA<\/strong><br>dvoj\u00fader jezdce na dv\u011b figurky<\/p>\n","protected":false},"excerpt":{"rendered":"<p>\u010cASOVKA\u010dasov\u00e1 t\u00edse\u0148 (\u010das ur\u010den\u00fd ke h\u0159e brzy vypr\u0161\u00ed) DESKA\u0161achovnice DVOJ\u00daDERsou\u010dasn\u00fd \u00fatok na dva c\u00edle ELOm\u011b\u0159en\u00e1 moment\u00e1ln\u00ed v\u00fdkonnost \u0161achisty GAMBIT\u0161achov\u00e9 zah\u00e1jen\u00ed, ve kter\u00e9m hr\u00e1\u010d ob\u011btuje materi\u00e1l, aby dos\u00e1hl n\u011bjak\u00e9 pozi\u010dn\u00ed v\u00fdhody, zost\u0159en\u00ed hry nebo znep\u0159ehledn\u011bn\u00ed pozice HOSTUJ\u00cdC\u00cd HR\u00c1\u010chr\u00e1\u010d vyp\u016fj\u010den\u00fd z jin\u00e9ho klubu KVALITAmateri\u00e1ln\u00ed p\u0159evaha (v p\u0159enesen\u00e9m v\u00fdznamu nej\u010dast\u011bji zisk v\u011b\u017ee soupe\u0159e za lehkou figuru) FIGURA LEHK\u00c1jezdec &hellip; <a href=\"https:\/\/www.dmklast4.cz\/index.php\/maly-sachovy-slovnicek\/\" class=\"more-link\">Pokra\u010dov\u00e1n\u00ed textu <span class=\"screen-reader-text\">\u0160achov\u00fd slovn\u00ed\u010dek<\/span><\/a><\/p>\n","protected":false},"author":3,"featured_media":0,"parent":0,"menu_order":0,"comment_status":"closed","ping_status":"closed","template":"","meta":{"footnotes":""},"class_list":["post-3482","page","type-page","status-publish","hentry"],"_links":{"self":[{"href":"https:\/\/www.dmklast4.cz\/index.php\/wp-json\/wp\/v2\/pages\/3482","targetHints":{"allow":["GET"]}}],"collection":[{"href":"https:\/\/www.dmklast4.cz\/index.php\/wp-json\/wp\/v2\/pages"}],"about":[{"href":"https:\/\/www.dmklast4.cz\/index.php\/wp-json\/wp\/v2\/types\/page"}],"author":[{"embeddable":true,"href":"https:\/\/www.dmklast4.cz\/index.php\/wp-json\/wp\/v2\/users\/3"}],"replies":[{"embeddable":true,"href":"https:\/\/www.dmklast4.cz\/index.php\/wp-json\/wp\/v2\/comments?post=3482"}],"version-history":[{"count":14,"href":"https:\/\/www.dmklast4.cz\/index.php\/wp-json\/wp\/v2\/pages\/3482\/revisions"}],"predecessor-version":[{"id":4360,"href":"https:\/\/www.dmklast4.cz\/index.php\/wp-json\/wp\/v2\/pages\/3482\/revisions\/4360"}],"wp:attachment":[{"href":"https:\/\/www.dmklast4.cz\/index.php\/wp-json\/wp\/v2\/media?parent=3482"}],"curies":[{"name":"wp","href":"https:\/\/api.w.org\/{rel}","templated":true}]}}