{"id":29,"date":"2017-08-14T05:21:18","date_gmt":"2017-08-14T05:21:18","guid":{"rendered":"http:\/\/www.dmklast4.cz\/rs\/wordpress\/?page_id=29"},"modified":"2025-09-10T14:14:48","modified_gmt":"2025-09-10T12:14:48","slug":"volnocasove-aktivity","status":"publish","type":"page","link":"https:\/\/www.dmklast4.cz\/index.php\/volnocasove-aktivity\/","title":{"rendered":"Volno\u010dasov\u00e9 aktivity"},"content":{"rendered":"\n<p>Pestr\u00e1 nab\u00eddka volno\u010dasov\u00fdch aktivit zahrnuje <strong>krou\u017eky organizovan\u00e9 vychovateli<\/strong> <strong>a jednor\u00e1zov\u00e9 aktivity <\/strong>(viz <a href=\"http:\/\/www.dmklast4.cz\/index.php\/o-nas\/fotogalerie\/\" target=\"_blank\" rel=\"noreferrer noopener\">fotogalerie<\/a>). \u017d\u00e1k\u016fm a student\u016fm vytv\u00e1\u0159\u00edme odpov\u00eddaj\u00edc\u00ed podm\u00ednky k <strong>samostatn\u00fdm relaxa\u010dn\u00edm aktivit\u00e1m<\/strong>. Vyu\u017e\u00edt lze <strong>p\u016fj\u010dovnu <\/strong>sportovn\u00edho vybaven\u00ed a knihovnu. Ti, kte\u0159\u00ed pot\u0159ebuj\u00ed <strong>studijn\u00ed podporu<\/strong>, si mohou nastavit individu\u00e1ln\u00ed pl\u00e1n dou\u010dov\u00e1n\u00ed. Kulturn\u00ed \u017eivot obohacuje <strong>\u201eKlub K4\u201d<\/strong> p\u0159\u00edle\u017eitostn\u00fdmi p\u0159edn\u00e1\u0161kami, besedami i komorn\u00edmi koncerty a samoz\u0159ejm\u011b i p\u0159edstaven\u00edmi na\u0161eho divadeln\u00edho krou\u017eku. V domov\u011b p\u016fsob\u00ed tak\u00e9 \u0161achov\u00fd klub \u00fasp\u011b\u0161n\u011b hraj\u00edc\u00ed m\u011bstsk\u00fd p\u0159ebor.<\/p>\n\n\n\n<h2 class=\"wp-block-heading\"><mark style=\"background-color:rgba(0, 0, 0, 0);color:#003153\" class=\"has-inline-color\">P\u016eJ\u010cOVNY<\/mark><\/h2>\n\n\n\n<div class=\"wp-block-columns is-layout-flex wp-container-core-columns-is-layout-9d6595d7 wp-block-columns-is-layout-flex\">\n<div class=\"wp-block-column is-layout-flow wp-block-column-is-layout-flow\">\n<p><strong>Stoln\u00ed tenis<br><\/strong><sub>p\u0159\u00edzem\u00ed, sborovna<\/sub><br><sup>p\u016fj\u010duje slu\u017eba ve sborovn\u011b  <\/sup><\/p>\n\n\n\n<p><strong>Klasick\u00e9 kolob\u011b\u017eky<br><\/strong><sub>p\u0159\u00edzem\u00ed, sborovna<\/sub><sub><br><\/sub><sup>p\u016fj\u010duje slu\u017eba ve sborovn\u011b<\/sup><sup>  <\/sup><\/p>\n\n\n\n<p><strong>Knihovna<br><\/strong><sub>3. patro,<\/sub> <sub>vedouc\u00ed J. Svobodov\u00e1<\/sub><br><sup>A. Tinkov\u00e1, D. Hub\u00e1\u010dkov\u00e1<\/sup><br><\/p>\n<\/div>\n\n\n\n<div class=\"wp-block-column is-layout-flow wp-block-column-is-layout-flow\">\n<p><strong>Sportovn\u00ed vybaven\u00ed<br><\/strong><sub>3. patro, vychovatelna<br><\/sub><sup>vedouc\u00ed M. \u0160idlejov\u00e1<\/sup><\/p>\n\n\n\n<p><strong>Akustick\u00e9 kytary<br><\/strong><sub>3. patro, vychovatelna<br><\/sub><sup>vedouc\u00ed M. \u0160idlejov\u00e1 <\/sup><\/p>\n\n\n\n<p><strong>Deskov\u00e9 hry<br><\/strong><sub>3. patro, knihovna<br><\/sub><sup>vedouc\u00ed J. Svobodov\u00e1<\/sup><\/p>\n<\/div>\n<\/div>\n\n\n\n<h2 class=\"wp-block-heading\"><mark style=\"background-color:rgba(0, 0, 0, 0);color:#003153\" class=\"has-inline-color\">RELAXA\u010cN\u00cd AKTIVITY<\/mark><\/h2>\n\n\n\n<div class=\"wp-block-columns is-layout-flex wp-container-core-columns-is-layout-9d6595d7 wp-block-columns-is-layout-flex\">\n<div class=\"wp-block-column is-layout-flow wp-block-column-is-layout-flow\">\n<p><strong>Kule\u010dn\u00edk<\/strong><br><sup>11. patro<\/sup><\/p>\n\n\n\n<p><strong>Klav\u00edr<\/strong><br><sup>9. patro<\/sup><\/p>\n<\/div>\n\n\n\n<div class=\"wp-block-column is-layout-flow wp-block-column-is-layout-flow\">\n<p><strong>Stoln\u00ed fotbal<\/strong><br><sup>6. patro <\/sup><\/p>\n\n\n\n<p><strong>Stoln\u00ed tenis<\/strong><br><sup>klubovna v p\u0159\u00edzem\u00ed  <\/sup><\/p>\n<\/div>\n\n\n\n<div class=\"wp-block-column is-layout-flow wp-block-column-is-layout-flow\">\n<p><strong>V\u00fdtvarn\u00fd ateli\u00e9r<\/strong><br><sup>12. patro<\/sup><\/p>\n\n\n\n<p><strong>Boxovac\u00ed pytel<\/strong><br><sup>5. patro<\/sup><\/p>\n<\/div>\n<\/div>\n\n\n\n<h2 class=\"wp-block-heading\"><mark style=\"background-color:rgba(0, 0, 0, 0);color:#003153\" class=\"has-inline-color\">VOLNO\u010cASOV\u00c9 AKTIVITY<\/mark><\/h2>\n\n\n\n<div class=\"wp-block-columns is-layout-flex wp-container-core-columns-is-layout-9d6595d7 wp-block-columns-is-layout-flex\">\n<div class=\"wp-block-column is-layout-flow wp-block-column-is-layout-flow\">\n<p><strong>N\u00e1v\u0161t\u011bvy divadel<\/strong><br><sub>zaji\u0161\u0165uje T. Dorazil<br><\/sub><sup>p\u0159\u00edle\u017eitostn\u011b<\/sup><\/p>\n\n\n\n<p><strong><a href=\"http:\/\/askcr.cz\/\" target=\"_blank\" rel=\"noreferrer noopener\">ASK \u010cR<\/a><\/strong><br><sub>zaji\u0161\u0165uje V. Filipov\u00e1<br><\/sub><sup>p\u0159\u00edle\u017eitostn\u011b PO\u2013\u010cT pro \u010dleny ASK<\/sup><\/p>\n<\/div>\n\n\n\n<div class=\"wp-block-column is-layout-flow wp-block-column-is-layout-flow\">\n<p><strong>N\u00e1v\u0161t\u011bvy v\u00fdstav<\/strong><br><sub>zaji\u0161\u0165uje B. Kumhal Posp\u00ed\u0161ilov\u00e1<br><\/sub><sup>p\u0159\u00edle\u017eitostn\u011b<\/sup><\/p>\n\n\n\n<p><strong>P\u0159edn\u00e1\u0161ky v klubu<\/strong><br><sub>zaji\u0161\u0165uje A. Tinkov\u00e1<br><\/sub><sup>p\u0159\u00edle\u017eitostn\u011b<\/sup><\/p>\n<\/div>\n<\/div>\n\n\n\n<div style=\"height:20px\" aria-hidden=\"true\" class=\"wp-block-spacer\"><\/div>\n\n\n\n<div class=\"wp-block-columns is-layout-flex wp-container-core-columns-is-layout-9d6595d7 wp-block-columns-is-layout-flex\">\n<div class=\"wp-block-column is-layout-flow wp-block-column-is-layout-flow\">\n<p><strong>Kondi\u010dn\u00ed posilov\u00e1n\u00ed<\/strong><br><sub>vedouc\u00ed M. Pe\u0161kov\u00e1 a M. Boubel\u00edk<br><\/sub><sup>PO\u2013\u010cT, 16:30 hod.<\/sup><\/p>\n\n\n\n<p><strong>Rukod\u011bln\u00e9 techniky<\/strong><br><sub>vedouc\u00ed J. Kadl\u010dkov\u00e1<br><\/sub><sup>\u00daT 17\u201318:30 hod.<\/sup><\/p>\n\n\n\n<p><strong>Keramika<\/strong><br><sub>vedouc\u00ed G. Proch\u00e1zkov\u00e1<br><\/sub><sup>PO, 17\u201319 hod.<\/sup><\/p>\n\n\n\n<p><strong><a href=\"http:\/\/www.dmklast4.cz\/index.php\/volnocasove-aktivity\/sachovy-oddil\/\" target=\"_blank\" rel=\"noreferrer noopener\">\u0160achy<\/a><\/strong><br><sub>vedouc\u00ed T. Dorazil<br><\/sub><sup>\u00daT, 19:30\u201321:00 hod.<\/sup><\/p>\n\n\n\n<p><strong>Filmov\u00fd a hudebn\u00ed klub<\/strong><br><sub>vedouc\u00ed M. Boubel\u00edk<br><\/sub><sup>nepravideln\u011b st\u0159edy v podve\u010der<\/sup><\/p>\n\n\n\n<p><strong>Psychohry<\/strong><br><sub>vedouc\u00ed M. \u0160idlejov\u00e1<br><\/sub><sup>individu\u00e1ln\u011b PO\u2013\u010cT<\/sup><\/p>\n<\/div>\n\n\n\n<div class=\"wp-block-column is-layout-flow wp-block-column-is-layout-flow\">\n<p><strong>Kondi\u010dn\u00ed cvi\u010den\u00ed<\/strong><br><sub>vedouc\u00ed M. \u0160idlejov\u00e1<br><\/sub><sup>individu\u00e1ln\u011b PO\u2013\u010cT<\/sup><\/p>\n\n\n\n<p><strong>Quilling<\/strong> <sup><sub>(pap\u00edrov\u00fd filigr\u00e1n)<\/sub><\/sup><br><sub>vedouc\u00ed B. Kumhal Posp\u00ed\u0161ilov\u00e1<br><\/sub><sup>\u010cT, 17\u201319 hod.<\/sup><\/p>\n\n\n\n<p><strong>\u0160perka\u0159sk\u00e1 d\u00edlna<\/strong><br><sub>vedouc\u00ed G. Proch\u00e1zkov\u00e1<br><\/sub><sup>ST, 17\u201319 hod.<\/sup><\/p>\n\n\n\n<p><strong>Dramatick\u00fd krou\u017eek<\/strong><br><sub>vedouc\u00ed T. Dorazil<br><\/sub><sup>\u010cT, 19:30\u201321:00 hod.<\/sup><\/p>\n\n\n\n<p><strong>\u010cten\u00e1\u0159sk\u00fd klub<\/strong><br><sub>vedouc\u00ed A. Tinkov\u00e1<br><\/sub><sup>\u00daT, 18\u201319 hod. \/ individu\u00e1ln\u011b <\/sup><\/p>\n\n\n\n<p><strong>Pozn\u00e1v\u00e1n\u00ed m\u011bsta Brna<\/strong><br><sub>vedouc\u00ed H. Halvov\u00e1<br><\/sub><sup>individu\u00e1ln\u011b PO\u2013\u010cT<\/sup><\/p>\n<\/div>\n<\/div>\n\n\n\n<div style=\"height:20px\" aria-hidden=\"true\" class=\"wp-block-spacer\"><\/div>\n\n\n\n<h2 class=\"wp-block-heading\"><mark style=\"background-color:rgba(0, 0, 0, 0);color:#003153\" class=\"has-inline-color\">STUDIJN\u00cd PODPORA<\/mark><\/h2>\n\n\n\n<div class=\"wp-block-columns is-layout-flex wp-container-core-columns-is-layout-9d6595d7 wp-block-columns-is-layout-flex\">\n<div class=\"wp-block-column is-layout-flow wp-block-column-is-layout-flow\">\n<p><strong>\u010cesk\u00fd jazyk<\/strong><br><sub>zaji\u0161\u0165uje M. \u0160pinarov\u00e1<br><\/sub><sup>individu\u00e1ln\u011b PO\u2013\u010cT<\/sup><\/p>\n\n\n\n<p><strong>Angli\u010dtina<\/strong><br><sub>zaji\u0161\u0165uje D. Hub\u00e1\u010dkov\u00e1<br><\/sub><sup>individu\u00e1ln\u011b <\/sup><sup>PO\u2013\u010cT<\/sup><\/p>\n\n\n\n<p><strong>P\u0159\u00edprava na v\u00fduku<\/strong><br><sub>zaji\u0161\u0165uje T. P\u00e1sek<\/sub><br><sup>individu\u00e1ln\u011b PO\u2013\u010cT<\/sup><\/p>\n<\/div>\n\n\n\n<div class=\"wp-block-column is-layout-flow wp-block-column-is-layout-flow\">\n<p><strong>Matematika<\/strong><br><sub>zaji\u0161\u0165uje T. P\u00e1sek<br><\/sub><sup>individu\u00e1ln\u011b PO\u2013\u010cT<\/sup><\/p>\n\n\n\n<p><strong>PC podpora<\/strong><br><sub>zaji\u0161\u0165uje P. Motl\u00ed\u010dkov\u00e1<\/sub><br><sup>PO\u2013\u010cT, 17\u201320 hod. \/ individu\u00e1ln\u011b<\/sup><\/p>\n<\/div>\n<\/div>\n\n\n\n<div style=\"height:40px\" aria-hidden=\"true\" class=\"wp-block-spacer\"><\/div>\n\n\n\n<p><strong><span style=\"color:#ed2630\" class=\"has-inline-color\">Volno\u010dasov\u00e9 aktivity zahajuj\u00ed svou \u010dinnost v t\u00fddnu od 15. 9. 2025.<\/span><\/strong><\/p>\n","protected":false},"excerpt":{"rendered":"<p>Pestr\u00e1 nab\u00eddka volno\u010dasov\u00fdch aktivit zahrnuje krou\u017eky organizovan\u00e9 vychovateli a jednor\u00e1zov\u00e9 aktivity (viz fotogalerie). \u017d\u00e1k\u016fm a student\u016fm vytv\u00e1\u0159\u00edme odpov\u00eddaj\u00edc\u00ed podm\u00ednky k samostatn\u00fdm relaxa\u010dn\u00edm aktivit\u00e1m. Vyu\u017e\u00edt lze p\u016fj\u010dovnu sportovn\u00edho vybaven\u00ed a knihovnu. Ti, kte\u0159\u00ed pot\u0159ebuj\u00ed studijn\u00ed podporu, si mohou nastavit individu\u00e1ln\u00ed pl\u00e1n dou\u010dov\u00e1n\u00ed. Kulturn\u00ed \u017eivot obohacuje \u201eKlub K4\u201d p\u0159\u00edle\u017eitostn\u00fdmi p\u0159edn\u00e1\u0161kami, besedami i komorn\u00edmi koncerty a samoz\u0159ejm\u011b i &hellip; <a href=\"https:\/\/www.dmklast4.cz\/index.php\/volnocasove-aktivity\/\" class=\"more-link\">Pokra\u010dov\u00e1n\u00ed textu <span class=\"screen-reader-text\">Volno\u010dasov\u00e9 aktivity<\/span><\/a><\/p>\n","protected":false},"author":3,"featured_media":0,"parent":0,"menu_order":0,"comment_status":"closed","ping_status":"closed","template":"","meta":{"footnotes":""},"class_list":["post-29","page","type-page","status-publish","hentry"],"_links":{"self":[{"href":"https:\/\/www.dmklast4.cz\/index.php\/wp-json\/wp\/v2\/pages\/29","targetHints":{"allow":["GET"]}}],"collection":[{"href":"https:\/\/www.dmklast4.cz\/index.php\/wp-json\/wp\/v2\/pages"}],"about":[{"href":"https:\/\/www.dmklast4.cz\/index.php\/wp-json\/wp\/v2\/types\/page"}],"author":[{"embeddable":true,"href":"https:\/\/www.dmklast4.cz\/index.php\/wp-json\/wp\/v2\/users\/3"}],"replies":[{"embeddable":true,"href":"https:\/\/www.dmklast4.cz\/index.php\/wp-json\/wp\/v2\/comments?post=29"}],"version-history":[{"count":85,"href":"https:\/\/www.dmklast4.cz\/index.php\/wp-json\/wp\/v2\/pages\/29\/revisions"}],"predecessor-version":[{"id":5734,"href":"https:\/\/www.dmklast4.cz\/index.php\/wp-json\/wp\/v2\/pages\/29\/revisions\/5734"}],"wp:attachment":[{"href":"https:\/\/www.dmklast4.cz\/index.php\/wp-json\/wp\/v2\/media?parent=29"}],"curies":[{"name":"wp","href":"https:\/\/api.w.org\/{rel}","templated":true}]}}