{"id":2363,"date":"2022-04-19T10:52:40","date_gmt":"2022-04-19T08:52:40","guid":{"rendered":"http:\/\/192.168.1.2\/?page_id=2363"},"modified":"2026-03-12T15:21:15","modified_gmt":"2026-03-12T14:21:15","slug":"aktuality","status":"publish","type":"page","link":"https:\/\/www.dmklast4.cz\/","title":{"rendered":"AKTUALITY"},"content":{"rendered":"\n<figure class=\"wp-block-image size-large\"><img loading=\"lazy\" decoding=\"async\" width=\"1024\" height=\"235\" src=\"https:\/\/www.dmklast4.cz\/wp-content\/uploads\/2026\/03\/baner4-1024x235.png\" alt=\"\" class=\"wp-image-5969\" srcset=\"https:\/\/www.dmklast4.cz\/wp-content\/uploads\/2026\/03\/baner4-1024x235.png 1024w, https:\/\/www.dmklast4.cz\/wp-content\/uploads\/2026\/03\/baner4-300x69.png 300w, https:\/\/www.dmklast4.cz\/wp-content\/uploads\/2026\/03\/baner4-768x176.png 768w, https:\/\/www.dmklast4.cz\/wp-content\/uploads\/2026\/03\/baner4-1536x353.png 1536w, https:\/\/www.dmklast4.cz\/wp-content\/uploads\/2026\/03\/baner4-2048x470.png 2048w\" sizes=\"auto, (max-width: 1024px) 100vw, 1024px\" \/><\/figure>\n\n\n\n<div class=\"wp-block-buttons is-content-justification-center is-layout-flex wp-container-core-buttons-is-layout-16018d1d wp-block-buttons-is-layout-flex\">\n<div class=\"wp-block-button\"><a class=\"wp-block-button__link has-background wp-element-button\" href=\"https:\/\/forms.gle\/5Lm8osfUqPPFzTEc7\" style=\"background-color:#da251d\" target=\"_blank\" rel=\"noreferrer noopener\">VYPL\u0147UJTE ZDE<\/a><\/div>\n<\/div>\n\n\n\n<div style=\"height:66px\" aria-hidden=\"true\" class=\"wp-block-spacer\"><\/div>\n\n\n<ul class=\"wp-block-latest-posts__list is-grid columns-2 wp-block-latest-posts\"><li><a class=\"wp-block-latest-posts__post-title\" href=\"https:\/\/www.dmklast4.cz\/index.php\/2026\/05\/04\/den-vitezstvi-2\/\">DEN V\u00cdT\u011aZSTV\u00cd<\/a><div class=\"wp-block-latest-posts__post-excerpt\">DM se uzav\u00edr\u00e1 ve\u00a0\u010dtvrtek 7. 5.\u00a0v 15 hodin.<\/div><\/li>\n<li><a class=\"wp-block-latest-posts__post-title\" href=\"https:\/\/www.dmklast4.cz\/index.php\/2026\/04\/28\/svatek-prace-3\/\">SV\u00c1TEK PR\u00c1CE<\/a><div class=\"wp-block-latest-posts__post-excerpt\">DM se uzav\u00edr\u00e1 ve \u010dtvrtek 30. 4. v 15 hodin.<\/div><\/li>\n<li><a class=\"wp-block-latest-posts__post-title\" href=\"https:\/\/www.dmklast4.cz\/index.php\/2026\/04\/21\/ping-pong-3\/\">PING-PONG!<\/a><div class=\"wp-block-latest-posts__post-excerpt\">28. 4. 2026 v 17 hodin zahajujeme jarn\u00ed turnaj v ping-pongu.<\/div><\/li>\n<li><a class=\"wp-block-latest-posts__post-title\" href=\"https:\/\/www.dmklast4.cz\/index.php\/2026\/03\/30\/reportaz-z-sachu-9-25-26\/\">REPORT\u00c1\u017d Z \u0160ACHU 9 (25\/26)<\/a><div class=\"wp-block-latest-posts__post-excerpt\">9. kolo \u0161achov\u00e9ho z\u00e1pasu M\u011bstsk\u00fd p\u0159ebor Brno 2025\/2026.<\/div><\/li>\n<li><a class=\"wp-block-latest-posts__post-title\" href=\"https:\/\/www.dmklast4.cz\/index.php\/2026\/03\/27\/velikonocni-prazdniny-4\/\">VELIKONO\u010cN\u00cd PR\u00c1ZDNINY<\/a><div class=\"wp-block-latest-posts__post-excerpt\">1. 4. 2026 ubytovan\u00ed opust\u00ed DM do 15 hodin.<\/div><\/li>\n<li><a class=\"wp-block-latest-posts__post-title\" href=\"https:\/\/www.dmklast4.cz\/index.php\/2026\/03\/17\/vychazka-na-hvezdarnu-2\/\">VYCH\u00c1ZKA NA HV\u011aZD\u00c1RNU<\/a><div class=\"wp-block-latest-posts__post-excerpt\">19. 3. 2026 vyr\u00e1\u017e\u00edme na pozorov\u00e1n\u00ed ve\u010dern\u00ed oblohy.<\/div><\/li>\n<li><a class=\"wp-block-latest-posts__post-title\" href=\"https:\/\/www.dmklast4.cz\/index.php\/2026\/03\/16\/velikonocni-dilna-2\/\">VELIKONO\u010cN\u00cd D\u00cdLNA<\/a><div class=\"wp-block-latest-posts__post-excerpt\">25. 3. ve v\u00fdtvarn\u00e9 d\u00edln\u011b na 12. pat\u0159e od 17 do 19 hodin.<\/div><\/li>\n<li><a class=\"wp-block-latest-posts__post-title\" href=\"https:\/\/www.dmklast4.cz\/index.php\/2026\/03\/16\/reportaz-z-sachu-8-25-26\/\">REPORT\u00c1\u017d Z \u0160ACHU 8 (25\/26)<\/a><div class=\"wp-block-latest-posts__post-excerpt\">8. kolo \u0161achov\u00e9ho z\u00e1pasu M\u011bstsk\u00fd p\u0159ebor Brno 2025\/2026.<\/div><\/li>\n<\/ul>\n\n\n<div style=\"height:50px\" aria-hidden=\"true\" class=\"wp-block-spacer\"><\/div>\n\n\n\n<div class=\"wp-block-buttons is-layout-flex wp-block-buttons-is-layout-flex\">\n<div class=\"wp-block-button\"><a class=\"wp-block-button__link has-background has-custom-font-size wp-element-button\" href=\"http:\/\/www.dmklast4.cz\/index.php\/archiv\/\" style=\"background-color:#ed2630;font-size:18px\" target=\"_blank\" rel=\"noreferrer noopener\">ARCHIV<\/a><\/div>\n<\/div>\n","protected":false},"excerpt":{"rendered":"","protected":false},"author":3,"featured_media":0,"parent":0,"menu_order":0,"comment_status":"closed","ping_status":"closed","template":"","meta":{"footnotes":""},"class_list":["post-2363","page","type-page","status-publish","hentry"],"_links":{"self":[{"href":"https:\/\/www.dmklast4.cz\/index.php\/wp-json\/wp\/v2\/pages\/2363","targetHints":{"allow":["GET"]}}],"collection":[{"href":"https:\/\/www.dmklast4.cz\/index.php\/wp-json\/wp\/v2\/pages"}],"about":[{"href":"https:\/\/www.dmklast4.cz\/index.php\/wp-json\/wp\/v2\/types\/page"}],"author":[{"embeddable":true,"href":"https:\/\/www.dmklast4.cz\/index.php\/wp-json\/wp\/v2\/users\/3"}],"replies":[{"embeddable":true,"href":"https:\/\/www.dmklast4.cz\/index.php\/wp-json\/wp\/v2\/comments?post=2363"}],"version-history":[{"count":188,"href":"https:\/\/www.dmklast4.cz\/index.php\/wp-json\/wp\/v2\/pages\/2363\/revisions"}],"predecessor-version":[{"id":5978,"href":"https:\/\/www.dmklast4.cz\/index.php\/wp-json\/wp\/v2\/pages\/2363\/revisions\/5978"}],"wp:attachment":[{"href":"https:\/\/www.dmklast4.cz\/index.php\/wp-json\/wp\/v2\/media?parent=2363"}],"curies":[{"name":"wp","href":"https:\/\/api.w.org\/{rel}","templated":true}]}}