{"id":2204,"date":"2021-10-08T09:54:27","date_gmt":"2021-10-08T09:54:27","guid":{"rendered":"http:\/\/www.dmklast4.cz\/rs\/wordpress\/?page_id=2204"},"modified":"2025-02-13T13:08:45","modified_gmt":"2025-02-13T12:08:45","slug":"mikrogalerie","status":"publish","type":"page","link":"https:\/\/www.dmklast4.cz\/index.php\/mikrogalerie\/","title":{"rendered":"Mikrogalerie"},"content":{"rendered":"\n<div class=\"wp-block-columns is-layout-flex wp-container-core-columns-is-layout-9d6595d7 wp-block-columns-is-layout-flex\">\n<div class=\"wp-block-column is-layout-flow wp-block-column-is-layout-flow\" style=\"flex-basis:66.66%\">\n<p>Mikrogalerie Kl\u00e1\u0161tersk\u00e9ho je mal\u00fd v\u00fdstavn\u00ed prostor p\u0159i hlavn\u00edm vstupu DM. Podm\u00ednkou vystavov\u00e1n\u00ed je pouze charakter tvorby \u2013 ploch\u00e1 z\u00e1v\u011bsn\u00e1 d\u00edla. Pokud m\u00e1te z\u00e1jem zde vystavovat, nev\u00e1hejte kontaktovat Tom\u00e1\u0161e Kadlece a domluvte si term\u00edn sv\u00e9 v\u00fdstavy!<\/p>\n\n\n\n<p><strong>kadlec.dmklast@seznam.cz  <\/strong><\/p>\n<\/div>\n\n\n\n<div class=\"wp-block-column is-layout-flow wp-block-column-is-layout-flow\" style=\"flex-basis:33.33%\">\n<figure class=\"wp-block-image size-full is-style-default\"><img loading=\"lazy\" decoding=\"async\" width=\"826\" height=\"852\" src=\"http:\/\/www.dmklast4.cz\/wp-content\/uploads\/2021\/10\/logo-barva-1.png\" alt=\"\" class=\"wp-image-2312\" srcset=\"https:\/\/www.dmklast4.cz\/wp-content\/uploads\/2021\/10\/logo-barva-1.png 826w, https:\/\/www.dmklast4.cz\/wp-content\/uploads\/2021\/10\/logo-barva-1-291x300.png 291w, https:\/\/www.dmklast4.cz\/wp-content\/uploads\/2021\/10\/logo-barva-1-768x792.png 768w\" sizes=\"auto, (max-width: 826px) 100vw, 826px\" \/><\/figure>\n<\/div>\n<\/div>\n\n\n\n<h2 class=\"wp-block-heading has-text-align-left\"><mark style=\"background-color:rgba(0, 0, 0, 0);color:#003153\" class=\"has-inline-color\">USKUTE\u010cN\u011aN\u00c9 V\u00ddSTAVY<\/mark><\/h2>\n\n\n\n<div style=\"height:30px\" aria-hidden=\"true\" class=\"wp-block-spacer\"><\/div>\n\n\n\n<div class=\"wp-block-media-text alignwide is-stacked-on-mobile is-vertically-aligned-top\" style=\"grid-template-columns:32% auto\"><figure class=\"wp-block-media-text__media\"><img decoding=\"async\" src=\"http:\/\/www.dmklast4.cz\/wp-content\/uploads\/2025\/02\/sidlejova-maly.jpg\" alt=\"\" class=\"wp-image-5312 size-full\"\/><\/figure><div class=\"wp-block-media-text__content\">\n<p class=\"has-medium-font-size\">13\/2\/2025<br><strong>ZIMA MICHAELY \u0160IDLEJOV\u00c9<\/strong><\/p>\n\n\n\n<p>Autorsk\u00e1 v\u00fdstava vychovatelky domova ml\u00e1de\u017ee, kter\u00e1 je v\u00e1\u0161nivou amat\u00e9rskou fotografkou p\u0159\u00edrody. Vystaven\u00e9 fotografie jsou po\u0159\u00edzen\u00e9 v oblasti Brno\u2013Kohoutovice a obora Holedn\u00e1.<\/p>\n<\/div><\/div>\n\n\n\n<hr class=\"wp-block-separator has-alpha-channel-opacity is-style-wide\"\/>\n\n\n\n<div class=\"wp-block-media-text alignwide is-stacked-on-mobile is-vertically-aligned-top\" style=\"grid-template-columns:32% auto\"><figure class=\"wp-block-media-text__media\"><img loading=\"lazy\" decoding=\"async\" width=\"566\" height=\"800\" src=\"http:\/\/www.dmklast4.cz\/wp-content\/uploads\/2024\/11\/Zezula_maly.jpg\" alt=\"\" class=\"wp-image-5121 size-full\" srcset=\"https:\/\/www.dmklast4.cz\/wp-content\/uploads\/2024\/11\/Zezula_maly.jpg 566w, https:\/\/www.dmklast4.cz\/wp-content\/uploads\/2024\/11\/Zezula_maly-212x300.jpg 212w\" sizes=\"auto, (max-width: 566px) 100vw, 566px\" \/><\/figure><div class=\"wp-block-media-text__content\">\n<p class=\"has-medium-font-size\">8\/11\/2024<br><strong>VOJT\u011aCH ZEZULA<\/strong><br><strong>SOCHY<\/strong><\/p>\n\n\n\n<p>Druh\u00e1 autorsk\u00e1 v\u00fdstava fotografa Vojt\u011bcha Zezuly, studenta S\u0160 Charbulova Brno, oboru fotograf. T\u00e9matem v\u00fdstavy jsou kovov\u00e9 sochy v centru m\u011bsta Brna.<\/p>\n<\/div><\/div>\n\n\n\n<hr class=\"wp-block-separator has-alpha-channel-opacity is-style-wide\"\/>\n\n\n\n<div class=\"wp-block-media-text alignwide is-stacked-on-mobile is-vertically-aligned-top\" style=\"grid-template-columns:32% auto\"><figure class=\"wp-block-media-text__media\"><img loading=\"lazy\" decoding=\"async\" width=\"566\" height=\"800\" src=\"http:\/\/www.dmklast4.cz\/wp-content\/uploads\/2024\/05\/matulova-plakat-vystava-m.png\" alt=\"\" class=\"wp-image-4932 size-full\" srcset=\"https:\/\/www.dmklast4.cz\/wp-content\/uploads\/2024\/05\/matulova-plakat-vystava-m.png 566w, https:\/\/www.dmklast4.cz\/wp-content\/uploads\/2024\/05\/matulova-plakat-vystava-m-212x300.png 212w\" sizes=\"auto, (max-width: 566px) 100vw, 566px\" \/><\/figure><div class=\"wp-block-media-text__content\">\n<p class=\"has-medium-font-size\">2\/5\/2024<br><strong>BARBORA DAGMAR MATULOV\u00c1<br>7,5 HERTZE<\/strong><\/p>\n\n\n\n<p>V\u00fdstava se zab\u00fdv\u00e1 fenom\u00e9nem hypnagogick\u00fdch a hypnopomick\u00fdch stav\u016f. Obrazy vznikaly na z\u00e1klad\u011b odpov\u011bd\u00ed z ankety, kter\u00e1 se sna\u017eila zjistit, jak jsou tyto pojmy ve spole\u010dnosti roz\u0161\u00ed\u0159en\u00e9. Pro tvorbu byl pou\u017eit pastel, akryl a st\u0159\u00edbrn\u00e9 pl\u00e1tky. Ke ka\u017ed\u00e9mu d\u00edlu je p\u0159ilo\u017eena jeho inspirace \u2013 neupraven\u00e1 odpov\u011b\u010f z ankety.<\/p>\n<\/div><\/div>\n\n\n\n<hr class=\"wp-block-separator has-alpha-channel-opacity is-style-wide\"\/>\n\n\n\n<div class=\"wp-block-media-text alignwide is-stacked-on-mobile is-vertically-aligned-top\" style=\"grid-template-columns:32% auto\"><figure class=\"wp-block-media-text__media\"><img loading=\"lazy\" decoding=\"async\" width=\"566\" height=\"800\" src=\"http:\/\/www.dmklast4.cz\/wp-content\/uploads\/2024\/01\/Zezula_maly.jpg\" alt=\"\" class=\"wp-image-4646 size-full\" srcset=\"https:\/\/www.dmklast4.cz\/wp-content\/uploads\/2024\/01\/Zezula_maly.jpg 566w, https:\/\/www.dmklast4.cz\/wp-content\/uploads\/2024\/01\/Zezula_maly-212x300.jpg 212w\" sizes=\"auto, (max-width: 566px) 100vw, 566px\" \/><\/figure><div class=\"wp-block-media-text__content\">\n<p class=\"has-medium-font-size\">31\/1\/2024<br><strong>VOJT\u011aCH ZEZULA<\/strong><\/p>\n\n\n\n<p>Prvn\u00ed autorsk\u00e1 v\u00fdstava fotografa Vojt\u011bcha Zezuly, studenta S\u0160 Charbulova Brno, oboru fotograf. T\u00e9matem v\u00fdstavy jsou zv\u00ed\u0159ata \u017eij\u00edc\u00ed v Brn\u011b a jeho okol\u00ed. Jedn\u00e1 se o lokality ZOO Brno, Lom H\u00e1dy v L\u00ed\u0161ni a Tasov.<\/p>\n<\/div><\/div>\n\n\n\n<hr class=\"wp-block-separator has-alpha-channel-opacity is-style-wide\"\/>\n\n\n\n<div class=\"wp-block-media-text alignwide is-stacked-on-mobile is-vertically-aligned-top\" style=\"grid-template-columns:32% auto\"><figure class=\"wp-block-media-text__media\"><img loading=\"lazy\" decoding=\"async\" width=\"566\" height=\"800\" src=\"http:\/\/www.dmklast4.cz\/wp-content\/uploads\/2023\/12\/plakat-maly.jpg\" alt=\"\" class=\"wp-image-4574 size-full\" srcset=\"https:\/\/www.dmklast4.cz\/wp-content\/uploads\/2023\/12\/plakat-maly.jpg 566w, https:\/\/www.dmklast4.cz\/wp-content\/uploads\/2023\/12\/plakat-maly-212x300.jpg 212w\" sizes=\"auto, (max-width: 566px) 100vw, 566px\" \/><\/figure><div class=\"wp-block-media-text__content\">\n<p class=\"has-medium-font-size\">14\/12\/2023<br><strong>OHL\u00c9DNUT\u00cd OBRAZEM<\/strong><\/p>\n\n\n\n<p>Fotoreport ze sout\u011b\u017ee Nejhez\u010d\u00ed v\u00e1no\u010dn\u00ed v\u00fdzdoba pokoje 2023, kter\u00e1 byla vyhl\u00e1\u0161ena 7. listopadu. Hodnocen\u00ed prob\u011bhlo 7. prosince, vyhl\u00e1\u0161en\u00ed v\u00fdsledk\u016f 13. prosince na v\u00e1no\u010dn\u00edm ve\u010d\u00edrku.<\/p>\n<\/div><\/div>\n\n\n\n<hr class=\"wp-block-separator has-alpha-channel-opacity is-style-wide\"\/>\n\n\n\n<div class=\"wp-block-media-text alignwide is-stacked-on-mobile is-vertically-aligned-top\" style=\"grid-template-columns:32% auto\"><figure class=\"wp-block-media-text__media\"><img loading=\"lazy\" decoding=\"async\" width=\"724\" height=\"1024\" src=\"http:\/\/www.dmklast4.cz\/wp-content\/uploads\/2023\/04\/plakat-Komarov-maly-724x1024.png\" alt=\"\" class=\"wp-image-3993 size-full\" srcset=\"https:\/\/www.dmklast4.cz\/wp-content\/uploads\/2023\/04\/plakat-Komarov-maly-724x1024.png 724w, https:\/\/www.dmklast4.cz\/wp-content\/uploads\/2023\/04\/plakat-Komarov-maly-212x300.png 212w, https:\/\/www.dmklast4.cz\/wp-content\/uploads\/2023\/04\/plakat-Komarov-maly-768x1087.png 768w, https:\/\/www.dmklast4.cz\/wp-content\/uploads\/2023\/04\/plakat-Komarov-maly.png 800w\" sizes=\"auto, (max-width: 724px) 100vw, 724px\" \/><\/figure><div class=\"wp-block-media-text__content\">\n<p class=\"has-medium-font-size\">17\/4\/2023<br><strong>STAR\u00dd KOM\u00c1ROV<\/strong><\/p>\n\n\n\n<p>Kom\u00e1rov 19. a 20. stolet\u00ed na star\u00fdch pohlednic\u00edch a fotografi\u00edch aneb cesta z p\u016fvabn\u00e9 zem\u011bd\u011blsk\u00e9 obce nedaleko Brna k \u201epr\u016fmyslov\u00e9 z\u00f3n\u011b\u201c Brna.<\/p>\n<\/div><\/div>\n\n\n\n<hr class=\"wp-block-separator has-alpha-channel-opacity is-style-wide\"\/>\n\n\n\n<div class=\"wp-block-media-text alignwide is-stacked-on-mobile is-vertically-aligned-top\" style=\"grid-template-columns:32% auto\"><figure class=\"wp-block-media-text__media\"><img loading=\"lazy\" decoding=\"async\" width=\"724\" height=\"1024\" src=\"http:\/\/www.dmklast4.cz\/wp-content\/uploads\/2023\/02\/plakat-1-724x1024.jpg\" alt=\"\" class=\"wp-image-3812 size-full\" srcset=\"https:\/\/www.dmklast4.cz\/wp-content\/uploads\/2023\/02\/plakat-1-724x1024.jpg 724w, https:\/\/www.dmklast4.cz\/wp-content\/uploads\/2023\/02\/plakat-1-212x300.jpg 212w, https:\/\/www.dmklast4.cz\/wp-content\/uploads\/2023\/02\/plakat-1-768x1086.jpg 768w, https:\/\/www.dmklast4.cz\/wp-content\/uploads\/2023\/02\/plakat-1-1086x1536.jpg 1086w, https:\/\/www.dmklast4.cz\/wp-content\/uploads\/2023\/02\/plakat-1-1448x2048.jpg 1448w, https:\/\/www.dmklast4.cz\/wp-content\/uploads\/2023\/02\/plakat-1.jpg 1754w\" sizes=\"auto, (max-width: 724px) 100vw, 724px\" \/><\/figure><div class=\"wp-block-media-text__content\">\n<p class=\"has-medium-font-size\">6\/2\/2023<br><strong>OHL\u00c9DNUT\u00cd OBRAZEM<\/strong><\/p>\n\n\n\n<p>Fotoreport ze sout\u011b\u017ee Nejhez\u010d\u00ed v\u00e1no\u010dn\u00ed v\u00fdzdoba pokoje, kter\u00e1 byla vyhl\u00e1\u0161ena v listopadu minul\u00e9ho roku. Hodnocen\u00ed prob\u011bhlo 12. 12. 2022, vyhl\u00e1\u0161en\u00ed v\u00fdsledk\u016f 14. 12. 2022 na v\u00e1no\u010dn\u00edm ve\u010d\u00edrku.<\/p>\n<\/div><\/div>\n\n\n\n<hr class=\"wp-block-separator has-alpha-channel-opacity is-style-wide\"\/>\n\n\n\n<div class=\"wp-block-media-text alignwide is-stacked-on-mobile is-vertically-aligned-top\" style=\"grid-template-columns:32% auto\"><figure class=\"wp-block-media-text__media\"><img loading=\"lazy\" decoding=\"async\" width=\"721\" height=\"1024\" src=\"http:\/\/www.dmklast4.cz\/wp-content\/uploads\/2022\/12\/plakat-2-721x1024.jpg\" alt=\"\" class=\"wp-image-3550 size-full\" srcset=\"https:\/\/www.dmklast4.cz\/wp-content\/uploads\/2022\/12\/plakat-2-721x1024.jpg 721w, https:\/\/www.dmklast4.cz\/wp-content\/uploads\/2022\/12\/plakat-2-211x300.jpg 211w, https:\/\/www.dmklast4.cz\/wp-content\/uploads\/2022\/12\/plakat-2-768x1090.jpg 768w, https:\/\/www.dmklast4.cz\/wp-content\/uploads\/2022\/12\/plakat-2-1082x1536.jpg 1082w, https:\/\/www.dmklast4.cz\/wp-content\/uploads\/2022\/12\/plakat-2-1443x2048.jpg 1443w, https:\/\/www.dmklast4.cz\/wp-content\/uploads\/2022\/12\/plakat-2.jpg 1748w\" sizes=\"auto, (max-width: 721px) 100vw, 721px\" \/><\/figure><div class=\"wp-block-media-text__content\">\n<p class=\"has-medium-font-size\">1\/12\/2022<br><strong>M\u00daZOU BYLA L\u00c1SKA (A J\u00c1)<\/strong>,<br><strong>D\u011aTI<\/strong>, <strong>AURA<\/strong><\/p>\n\n\n\n<p class=\"has-small-font-size\"><em>instagram.com\/urbanova.x<\/em><br>i<em>nstagram.com\/photozemankova<\/em><br><em>instagram.com\/cajnahlavaku<\/em><\/p>\n\n\n\n<p>T\u0159i tematick\u00e9 s\u00e9rie, kter\u00e9 p\u0159edstavuj\u00ed fotografii jako vizualizaci textu, dokument \u010di dojem ze setk\u00e1n\u00ed.<\/p>\n<\/div><\/div>\n\n\n\n<hr class=\"wp-block-separator has-alpha-channel-opacity is-style-wide\"\/>\n\n\n\n<div class=\"wp-block-media-text alignwide is-stacked-on-mobile is-vertically-aligned-top\" style=\"grid-template-columns:32% auto\"><figure class=\"wp-block-media-text__media\"><img loading=\"lazy\" decoding=\"async\" width=\"724\" height=\"1024\" src=\"http:\/\/www.dmklast4.cz\/wp-content\/uploads\/2022\/05\/mv_web-724x1024.png\" alt=\"\" class=\"wp-image-3084 size-full\" srcset=\"https:\/\/www.dmklast4.cz\/wp-content\/uploads\/2022\/05\/mv_web-724x1024.png 724w, https:\/\/www.dmklast4.cz\/wp-content\/uploads\/2022\/05\/mv_web-212x300.png 212w, https:\/\/www.dmklast4.cz\/wp-content\/uploads\/2022\/05\/mv_web-768x1086.png 768w, https:\/\/www.dmklast4.cz\/wp-content\/uploads\/2022\/05\/mv_web.png 800w\" sizes=\"auto, (max-width: 724px) 100vw, 724px\" \/><\/figure><div class=\"wp-block-media-text__content\">\n<p class=\"has-medium-font-size\">2\/5\/2022<br><strong>MARIE V\u00c1VROV\u00c1<\/strong><\/p>\n\n\n\n<p>Svitek je pro mne obrazov\u00e1 plocha, ve kter\u00e9 se sna\u017e\u00edm propojit klasick\u00e9 vn\u00edm\u00e1n\u00ed evropsk\u00e9 krajinomalby s tradi\u010dn\u00edm asijsk\u00fdm pojet\u00edm. Hora se st\u00e1v\u00e1 pomysln\u00fdm bodem, kter\u00fd je nutno p\u0159ekonat, aby oko uvid\u011blo d\u00e1l.<\/p>\n<\/div><\/div>\n\n\n\n<hr class=\"wp-block-separator has-alpha-channel-opacity is-style-wide\"\/>\n\n\n\n<div class=\"wp-block-media-text alignwide is-stacked-on-mobile is-vertically-aligned-top\" style=\"grid-template-columns:32% auto\"><figure class=\"wp-block-media-text__media\"><img loading=\"lazy\" decoding=\"async\" width=\"724\" height=\"1024\" src=\"http:\/\/www.dmklast4.cz\/wp-content\/uploads\/2022\/04\/plakat-maly-724x1024.png\" alt=\"\" class=\"wp-image-2742 size-full\" srcset=\"https:\/\/www.dmklast4.cz\/wp-content\/uploads\/2022\/04\/plakat-maly-724x1024.png 724w, https:\/\/www.dmklast4.cz\/wp-content\/uploads\/2022\/04\/plakat-maly-212x300.png 212w, https:\/\/www.dmklast4.cz\/wp-content\/uploads\/2022\/04\/plakat-maly-768x1087.png 768w, https:\/\/www.dmklast4.cz\/wp-content\/uploads\/2022\/04\/plakat-maly.png 800w\" sizes=\"auto, (max-width: 724px) 100vw, 724px\" \/><\/figure><div class=\"wp-block-media-text__content\">\n<p class=\"has-medium-font-size\">31\/1\/2021<br><strong>JI\u0158\u00cd ZIM\u010c\u00cdK<\/strong><\/p>\n\n\n\n<p>S tvorbou komiksov\u00e9ho kresl\u00ed\u0159e a v\u00fdtvarn\u00edka Ji\u0159\u00edho Zim\u010d\u00edka se m\u016f\u017eete sezn\u00e1mit nejenom na v\u00fdstav\u011b v na\u0161\u00ed Mikrogalerii Kl\u00e1\u0161tersk\u00e9ho. Jeho nejnov\u011bj\u0161\u00ed d\u00edlo zdob\u00ed 6. patro DM! Vystaven\u00e1 d\u00edla jsou v\u00fdb\u011br z titulk\u016f pro \u010cT Brno (po\u0159ad Na houby a Rajsk\u00e9 zahrady II).<\/p>\n<\/div><\/div>\n\n\n\n<hr class=\"wp-block-separator has-alpha-channel-opacity is-style-wide\"\/>\n\n\n\n<div class=\"wp-block-media-text alignwide is-stacked-on-mobile is-vertically-aligned-top\" style=\"grid-template-columns:32% auto\"><figure class=\"wp-block-media-text__media\"><img loading=\"lazy\" decoding=\"async\" width=\"724\" height=\"1024\" src=\"http:\/\/www.dmklast4.cz\/wp-content\/uploads\/2022\/05\/ig_web-724x1024.jpg\" alt=\"\" class=\"wp-image-3086 size-full\" srcset=\"https:\/\/www.dmklast4.cz\/wp-content\/uploads\/2022\/05\/ig_web-724x1024.jpg 724w, https:\/\/www.dmklast4.cz\/wp-content\/uploads\/2022\/05\/ig_web-212x300.jpg 212w, https:\/\/www.dmklast4.cz\/wp-content\/uploads\/2022\/05\/ig_web-768x1087.jpg 768w, https:\/\/www.dmklast4.cz\/wp-content\/uploads\/2022\/05\/ig_web.jpg 800w\" sizes=\"auto, (max-width: 724px) 100vw, 724px\" \/><\/figure><div class=\"wp-block-media-text__content\">\n<p class=\"has-medium-font-size\">29\/11\/2022<br><strong>IGOR ACID BURCEV<\/strong><\/p>\n\n\n\n<p>Je to v\u00e1\u017en\u011b tak jednoduch\u00e9? Vezmete si pap\u00edr a propisku. Zad\u00edv\u00e1te se up\u0159en\u011b p\u0159ed sebe a chv\u00edli p\u0159estanete vn\u00edmat b\u011b\u017en\u00fdm zp\u016fsobem. Objev\u00edte zcela jin\u00fd sv\u011bt, kter\u00fd zaznamen\u00e1te. Dal\u0161\u00ed f\u00e1z\u00ed procesu je skenov\u00e1n\u00ed a pr\u00e1ce v grafick\u00e9m programu, kter\u00fd v\u00e1m umo\u017en\u00ed pokr\u00fdt v\u00e1\u0161 digit\u00e1ln\u00ed dokument pestrou \u0161k\u00e1lou barev. Ano, je to v\u00e1\u017en\u011b tak jednoduch\u00e9\u2026<\/p>\n<\/div><\/div>\n\n\n\n<hr class=\"wp-block-separator has-alpha-channel-opacity is-style-wide\"\/>\n\n\n\n<div class=\"wp-block-media-text alignwide is-stacked-on-mobile is-vertically-aligned-top\" style=\"grid-template-columns:32% auto\"><figure class=\"wp-block-media-text__media\"><img loading=\"lazy\" decoding=\"async\" width=\"724\" height=\"1024\" src=\"http:\/\/www.dmklast4.cz\/wp-content\/uploads\/2021\/10\/plakat-1-724x1024.jpg\" alt=\"\" class=\"wp-image-2311 size-full\" srcset=\"https:\/\/www.dmklast4.cz\/wp-content\/uploads\/2021\/10\/plakat-1-724x1024.jpg 724w, https:\/\/www.dmklast4.cz\/wp-content\/uploads\/2021\/10\/plakat-1-212x300.jpg 212w, https:\/\/www.dmklast4.cz\/wp-content\/uploads\/2021\/10\/plakat-1-768x1086.jpg 768w, https:\/\/www.dmklast4.cz\/wp-content\/uploads\/2021\/10\/plakat-1-1086x1536.jpg 1086w, https:\/\/www.dmklast4.cz\/wp-content\/uploads\/2021\/10\/plakat-1.jpg 1200w\" sizes=\"auto, (max-width: 724px) 100vw, 724px\" \/><\/figure><div class=\"wp-block-media-text__content\">\n<p class=\"has-medium-font-size\">11\/10\/2021<br><strong>NA\u010eA PREISSLEROV\u00c1<\/strong><br><strong>POKUSOMYL<\/strong><\/p>\n\n\n\n<p>Autorsk\u00e1 v\u00fdstava Nadi Preisslerov\u00e9, energick\u00e9 recep\u010dn\u00ed domova ml\u00e1de\u017ee. &#8222;Kdy\u017e p\u0159i\u0161el prvn\u00ed lockdown na ja\u0159e 2020, n\u00e1hodou jsem se d\u00edvala v televizi na po\u0159ad, ve kter\u00e9m pan\u00ed lije barvy na pl\u00e1tno. \u0158ekla jsem si, to chci d\u011blat. Technika malby tekut\u00fdm akrylem m\u00e1 sv\u00e1 specifika, detaily a pom\u011bry \u0159ed\u011bn\u00ed, co\u017e se mi state\u010dn\u011b vyh\u00fdb\u00e1. Proto naz\u00fdv\u00e1m sv\u00e9 tvo\u0159en\u00ed pokus\u2013omyl, nikoli malov\u00e1n\u00ed. Touto v\u00fdstavou v\u00e1s v DM chceme inspirovat k tomu, abyste i vy na\u0161li chu\u0165 se pod\u011blit a p\u0159edstavili sv\u00e1 d\u00edla ubytovan\u00fdm i ve\u0159ejnosti.&#8220;<\/p>\n<\/div><\/div>\n","protected":false},"excerpt":{"rendered":"<p>Mikrogalerie Kl\u00e1\u0161tersk\u00e9ho je mal\u00fd v\u00fdstavn\u00ed prostor p\u0159i hlavn\u00edm vstupu DM. Podm\u00ednkou vystavov\u00e1n\u00ed je pouze charakter tvorby \u2013 ploch\u00e1 z\u00e1v\u011bsn\u00e1 d\u00edla. Pokud m\u00e1te z\u00e1jem zde vystavovat, nev\u00e1hejte kontaktovat Tom\u00e1\u0161e Kadlece a domluvte si term\u00edn sv\u00e9 v\u00fdstavy! kadlec.dmklast@seznam.cz USKUTE\u010cN\u011aN\u00c9 V\u00ddSTAVY 13\/2\/2025ZIMA MICHAELY \u0160IDLEJOV\u00c9 Autorsk\u00e1 v\u00fdstava vychovatelky domova ml\u00e1de\u017ee, kter\u00e1 je v\u00e1\u0161nivou amat\u00e9rskou fotografkou p\u0159\u00edrody. Vystaven\u00e9 fotografie jsou &hellip; <a href=\"https:\/\/www.dmklast4.cz\/index.php\/mikrogalerie\/\" class=\"more-link\">Pokra\u010dov\u00e1n\u00ed textu <span class=\"screen-reader-text\">Mikrogalerie<\/span><\/a><\/p>\n","protected":false},"author":3,"featured_media":0,"parent":0,"menu_order":0,"comment_status":"closed","ping_status":"closed","template":"","meta":{"footnotes":""},"class_list":["post-2204","page","type-page","status-publish","hentry"],"_links":{"self":[{"href":"https:\/\/www.dmklast4.cz\/index.php\/wp-json\/wp\/v2\/pages\/2204","targetHints":{"allow":["GET"]}}],"collection":[{"href":"https:\/\/www.dmklast4.cz\/index.php\/wp-json\/wp\/v2\/pages"}],"about":[{"href":"https:\/\/www.dmklast4.cz\/index.php\/wp-json\/wp\/v2\/types\/page"}],"author":[{"embeddable":true,"href":"https:\/\/www.dmklast4.cz\/index.php\/wp-json\/wp\/v2\/users\/3"}],"replies":[{"embeddable":true,"href":"https:\/\/www.dmklast4.cz\/index.php\/wp-json\/wp\/v2\/comments?post=2204"}],"version-history":[{"count":74,"href":"https:\/\/www.dmklast4.cz\/index.php\/wp-json\/wp\/v2\/pages\/2204\/revisions"}],"predecessor-version":[{"id":5324,"href":"https:\/\/www.dmklast4.cz\/index.php\/wp-json\/wp\/v2\/pages\/2204\/revisions\/5324"}],"wp:attachment":[{"href":"https:\/\/www.dmklast4.cz\/index.php\/wp-json\/wp\/v2\/media?parent=2204"}],"curies":[{"name":"wp","href":"https:\/\/api.w.org\/{rel}","templated":true}]}}