{"id":136,"date":"2017-09-12T12:45:50","date_gmt":"2017-09-12T12:45:50","guid":{"rendered":"http:\/\/www.dmklast4.cz\/rs\/wordpress\/?page_id=136"},"modified":"2026-04-07T08:57:18","modified_gmt":"2026-04-07T06:57:18","slug":"informace-o-zpracovani-ou","status":"publish","type":"page","link":"https:\/\/www.dmklast4.cz\/index.php\/informace-o-zpracovani-ou\/","title":{"rendered":"Informace o zpracov\u00e1n\u00ed O\u00da"},"content":{"rendered":"\n<p>Jako\u017eto spr\u00e1vci osobn\u00edch \u00fadaj\u016f dle na\u0159\u00edzen\u00ed \u010d.&nbsp;2016\/679, obecn\u00e9ho na\u0159\u00edzen\u00ed o ochran\u011b osobn\u00edch \u00fadaj\u016f (d\u00e1le jen \u201eGDPR\u201c), v r\u00e1mci sv\u00e9 \u010dinnosti zpracov\u00e1v\u00e1me osobn\u00ed \u00fadaje \u017e\u00e1k\u016f\/d\u011bt\u00ed\/student\u016f, jejich z\u00e1konn\u00fdch z\u00e1stupc\u016f, zam\u011bstnanc\u016f a p\u0159\u00edpadn\u011b i dal\u0161\u00edch osob.<\/p>\n\n\n\n<p>Ve\u0161ker\u00e9 osobn\u00ed \u00fadaje se zavazujeme zpracov\u00e1vat pouze v&nbsp;nezbytn\u00e9m rozsahu, aby nedo\u0161lo k z\u00e1sahu do pr\u00e1v a soukrom\u00ed dot\u010den\u00fdch subjekt\u016f, a dodr\u017eovat takov\u00e1 bezpe\u010dnostn\u00ed opat\u0159en\u00ed, aby nedo\u0161lo p\u0159i spr\u00e1v\u011b osobn\u00edch \u00fadaj\u016f k&nbsp;jejich zni\u010den\u00ed, zneu\u017eit\u00ed \u010di ztr\u00e1t\u011b.<\/p>\n\n\n\n<p>Ka\u017ed\u00fd subjekt osobn\u00edch \u00fadaj\u016f m\u00e1 pr\u00e1vo po\u017eadovat p\u0159\u00edstup ke sv\u00fdm osobn\u00edm \u00fadaj\u016fm, uplatnit pr\u00e1vo na&nbsp;jejich opravu, v\u00fdmaz \u010di omezen\u00ed zpracov\u00e1n\u00ed. P\u0159\u00edpadn\u011b m\u016f\u017ee subjekt uplatnit tak\u00e9 pr\u00e1vo na p\u0159enositelnost osobn\u00edch \u00fadaj\u016f. M\u00e1-li n\u011bkter\u00e1 osoba za to, \u017ee zpracov\u00e1n\u00ed jej\u00edch \u00fadaj\u016f nen\u00ed z\u00e1konn\u00e9, m\u016f\u017ee vzn\u00e9st n\u00e1mitku proti jejich zpracov\u00e1n\u00ed, nebo podat st\u00ed\u017enost k&nbsp;\u00da\u0159adu na&nbsp;ochranu osobn\u00edch \u00fadaj\u016f.<\/p>\n\n\n\n<p>Souhlas se zpracov\u00e1n\u00edm osobn\u00edch \u00fadaj\u016f je odvolateln\u00fd.<\/p>\n\n\n\n<p class=\"has-yellow-background-color has-background\"><strong>INFORMACE O ZPRACOV\u00c1N\u00cd O\u00da&nbsp;<\/strong>naleznete <a href=\"http:\/\/www.dmklast4.cz\/wp-content\/uploads\/2023\/06\/Informace-a-zaznamy-o-zpracovani-OU-2023.pdf\" target=\"_blank\" rel=\"noreferrer noopener\">zde<\/a>.<\/p>\n\n\n\n<p>Konkr\u00e9tn\u00ed informace o zpracov\u00e1n\u00ed osobn\u00edch \u00fadaj\u016f jsou zp\u0159\u00edstup\u0148ov\u00e1ny subjekt\u016fm osobn\u00edch \u00fadaj\u016f v&nbsp;souladu se \u010dl. 13 GDPR.<\/p>\n\n\n\n<p class=\"has-background\" style=\"background-color:#e6eaee\">Kontaktn\u00ed \u00fadaje spr\u00e1vce:<br><strong>Domov ml\u00e1de\u017ee a za\u0159\u00edzen\u00ed \u0161koln\u00edho stravov\u00e1n\u00ed Brno, p\u0159\u00edsp\u011bvkov\u00e1 organizace<br><\/strong><strong>Kl\u00e1\u0161tersk\u00e9ho 4, 617 00 Brno<\/strong><br>I\u010cO: 00567396<\/p>\n\n\n\n<p class=\"has-background\" style=\"background-color:#e6eaee\">Kontaktn\u00ed \u00fadaje Pov\u011b\u0159ence pro ochranu osobn\u00edch \u00fadaj\u016f:<br><strong>Vzd\u011bl\u00e1vac\u00ed institut pro Moravu, p\u0159\u00edsp\u011bvkov\u00e1 organizace<br>Hybe\u0161ova 15, 602\u00a000\u00a0Brno<\/strong><br>I\u010cO: 60555980<br><strong>Mgr. Hedvika Tom\u010dalov\u00e1<br><\/strong>tel.: +420 732 337 492<br>e-mail: tomcalova@vim-jmk.cz<\/p>\n","protected":false},"excerpt":{"rendered":"<p>Jako\u017eto spr\u00e1vci osobn\u00edch \u00fadaj\u016f dle na\u0159\u00edzen\u00ed \u010d.&nbsp;2016\/679, obecn\u00e9ho na\u0159\u00edzen\u00ed o ochran\u011b osobn\u00edch \u00fadaj\u016f (d\u00e1le jen \u201eGDPR\u201c), v r\u00e1mci sv\u00e9 \u010dinnosti zpracov\u00e1v\u00e1me osobn\u00ed \u00fadaje \u017e\u00e1k\u016f\/d\u011bt\u00ed\/student\u016f, jejich z\u00e1konn\u00fdch z\u00e1stupc\u016f, zam\u011bstnanc\u016f a p\u0159\u00edpadn\u011b i dal\u0161\u00edch osob. Ve\u0161ker\u00e9 osobn\u00ed \u00fadaje se zavazujeme zpracov\u00e1vat pouze v&nbsp;nezbytn\u00e9m rozsahu, aby nedo\u0161lo k z\u00e1sahu do pr\u00e1v a soukrom\u00ed dot\u010den\u00fdch subjekt\u016f, a dodr\u017eovat takov\u00e1 &hellip; <a href=\"https:\/\/www.dmklast4.cz\/index.php\/informace-o-zpracovani-ou\/\" class=\"more-link\">Pokra\u010dov\u00e1n\u00ed textu <span class=\"screen-reader-text\">Informace o zpracov\u00e1n\u00ed O\u00da<\/span><\/a><\/p>\n","protected":false},"author":3,"featured_media":0,"parent":0,"menu_order":0,"comment_status":"closed","ping_status":"closed","template":"","meta":{"footnotes":""},"class_list":["post-136","page","type-page","status-publish","hentry"],"_links":{"self":[{"href":"https:\/\/www.dmklast4.cz\/index.php\/wp-json\/wp\/v2\/pages\/136","targetHints":{"allow":["GET"]}}],"collection":[{"href":"https:\/\/www.dmklast4.cz\/index.php\/wp-json\/wp\/v2\/pages"}],"about":[{"href":"https:\/\/www.dmklast4.cz\/index.php\/wp-json\/wp\/v2\/types\/page"}],"author":[{"embeddable":true,"href":"https:\/\/www.dmklast4.cz\/index.php\/wp-json\/wp\/v2\/users\/3"}],"replies":[{"embeddable":true,"href":"https:\/\/www.dmklast4.cz\/index.php\/wp-json\/wp\/v2\/comments?post=136"}],"version-history":[{"count":20,"href":"https:\/\/www.dmklast4.cz\/index.php\/wp-json\/wp\/v2\/pages\/136\/revisions"}],"predecessor-version":[{"id":6021,"href":"https:\/\/www.dmklast4.cz\/index.php\/wp-json\/wp\/v2\/pages\/136\/revisions\/6021"}],"wp:attachment":[{"href":"https:\/\/www.dmklast4.cz\/index.php\/wp-json\/wp\/v2\/media?parent=136"}],"curies":[{"name":"wp","href":"https:\/\/api.w.org\/{rel}","templated":true}]}}