{"id":1226,"date":"2021-03-24T12:31:41","date_gmt":"2021-03-24T12:31:41","guid":{"rendered":"http:\/\/www.dmklast4.cz\/rs\/wordpress\/?page_id=1226"},"modified":"2025-10-30T12:41:58","modified_gmt":"2025-10-30T11:41:58","slug":"is-amos","status":"publish","type":"page","link":"https:\/\/www.dmklast4.cz\/index.php\/is-amos\/","title":{"rendered":"Informa\u010dn\u00ed syst\u00e9m AMOS"},"content":{"rendered":"","protected":true},"excerpt":{"rendered":"","protected":true},"author":3,"featured_media":0,"parent":0,"menu_order":0,"comment_status":"closed","ping_status":"closed","template":"","meta":{"footnotes":""},"class_list":["post-1226","page","type-page","status-publish","post-password-required","hentry"],"_links":{"self":[{"href":"https:\/\/www.dmklast4.cz\/index.php\/wp-json\/wp\/v2\/pages\/1226","targetHints":{"allow":["GET"]}}],"collection":[{"href":"https:\/\/www.dmklast4.cz\/index.php\/wp-json\/wp\/v2\/pages"}],"about":[{"href":"https:\/\/www.dmklast4.cz\/index.php\/wp-json\/wp\/v2\/types\/page"}],"author":[{"embeddable":true,"href":"https:\/\/www.dmklast4.cz\/index.php\/wp-json\/wp\/v2\/users\/3"}],"replies":[{"embeddable":true,"href":"https:\/\/www.dmklast4.cz\/index.php\/wp-json\/wp\/v2\/comments?post=1226"}],"version-history":[{"count":29,"href":"https:\/\/www.dmklast4.cz\/index.php\/wp-json\/wp\/v2\/pages\/1226\/revisions"}],"predecessor-version":[{"id":5782,"href":"https:\/\/www.dmklast4.cz\/index.php\/wp-json\/wp\/v2\/pages\/1226\/revisions\/5782"}],"wp:attachment":[{"href":"https:\/\/www.dmklast4.cz\/index.php\/wp-json\/wp\/v2\/media?parent=1226"}],"curies":[{"name":"wp","href":"https:\/\/api.w.org\/{rel}","templated":true}]}}