{"id":119,"date":"2017-09-12T12:37:00","date_gmt":"2017-09-12T12:37:00","guid":{"rendered":"http:\/\/www.dmklast4.cz\/rs\/wordpress\/?page_id=119"},"modified":"2025-12-16T09:26:10","modified_gmt":"2025-12-16T08:26:10","slug":"sachovy-oddil","status":"publish","type":"page","link":"https:\/\/www.dmklast4.cz\/index.php\/sachovy-oddil\/","title":{"rendered":"\u0160achov\u00fd odd\u00edl"},"content":{"rendered":"\n<p>Historie na\u0161eho \u0161achov\u00e9ho krou\u017eku za\u010dala p\u0159ihl\u00e1\u0161kou do M\u011bstsk\u00e9 sout\u011b\u017ee Brno-m\u011bsto pod veden\u00edm vychovatele Mgr. Vladim\u00edra Smutn\u00e9ho v sezon\u011b 2009\/2010. V sou\u010dasnosti vede \u0161achov\u00fd krou\u017eek vychovatel Tom\u00e1\u0161 Dorazil.<\/p>\n\n\n\n<p><strong>Uv\u00edt\u00e1me ka\u017ed\u00e9ho, kdo m\u00e1 chu\u0165 hr\u00e1t a u\u010dit se<\/strong>. Kvalitn\u00ed \u0161achovou literaturu i materi\u00e1l m\u00e1me, stejn\u011b tak pot\u0159ebn\u00e9 odhodl\u00e1n\u00ed. Z\u00e1jemci se mohou obracet na vychovatele Tom\u00e1\u0161e Dorazila bu\u010f osobn\u011b ve vychovateln\u011b 4. patra nebo mailem (dorazil.dmklast@seznam.cz).<\/p>\n\n\n\n<p><a href=\"https:\/\/www.chess.cz\/oddil\/80534\/\" target=\"_blank\" rel=\"noreferrer noopener\"><strong>\u010clenov\u00e9 odd\u00edlu \u0160achov\u00e9ho klubu DM Kl\u00e1\u0161tersk\u00e9ho<\/strong><\/a><\/p>\n\n\n\n<div style=\"height:30px\" aria-hidden=\"true\" class=\"wp-block-spacer\"><\/div>\n\n\n\n<div class=\"wp-block-buttons is-layout-flex wp-block-buttons-is-layout-flex\">\n<div class=\"wp-block-button\"><a class=\"wp-block-button__link has-background has-custom-font-size wp-element-button\" href=\"http:\/\/www.dmklast4.cz\/index.php\/reportaze\/\" style=\"background-color:#ed2630;font-size:16px\">REPORT\u00c1\u017dE Z \u0160ACHU<\/a><\/div>\n<\/div>\n\n\n\n<div style=\"height:20px\" aria-hidden=\"true\" class=\"wp-block-spacer\"><\/div>\n\n\n\n<div class=\"wp-block-buttons is-layout-flex wp-block-buttons-is-layout-flex\">\n<div class=\"wp-block-button\"><a class=\"wp-block-button__link has-background has-custom-font-size wp-element-button\" href=\"http:\/\/www.dmklast4.cz\/index.php\/maly-sachovy-slovnicek\" style=\"background-color:#003153;font-size:16px\">\u0160ACHOV\u00dd SLOVN\u00cd\u010cEK<\/a><\/div>\n<\/div>\n\n\n\n<div style=\"height:80px\" aria-hidden=\"true\" class=\"wp-block-spacer\"><\/div>\n\n\n\n<figure class=\"wp-block-gallery has-nested-images columns-2 is-cropped wp-block-gallery-1 is-layout-flex wp-block-gallery-is-layout-flex\">\n<figure class=\"wp-block-image size-large\"><img loading=\"lazy\" decoding=\"async\" width=\"1024\" height=\"768\" data-id=\"2313\" src=\"http:\/\/192.168.1.2\/wp-content\/uploads\/2021\/10\/IMG_20211019_194954-1-1024x768.jpg\" alt=\"\" class=\"wp-image-2313\" srcset=\"https:\/\/www.dmklast4.cz\/wp-content\/uploads\/2021\/10\/IMG_20211019_194954-1-1024x768.jpg 1024w, https:\/\/www.dmklast4.cz\/wp-content\/uploads\/2021\/10\/IMG_20211019_194954-1-300x225.jpg 300w, https:\/\/www.dmklast4.cz\/wp-content\/uploads\/2021\/10\/IMG_20211019_194954-1-768x576.jpg 768w, https:\/\/www.dmklast4.cz\/wp-content\/uploads\/2021\/10\/IMG_20211019_194954-1-1536x1152.jpg 1536w, https:\/\/www.dmklast4.cz\/wp-content\/uploads\/2021\/10\/IMG_20211019_194954-1-2048x1536.jpg 2048w, https:\/\/www.dmklast4.cz\/wp-content\/uploads\/2021\/10\/IMG_20211019_194954-1-1568x1176.jpg 1568w\" sizes=\"auto, (max-width: 1024px) 100vw, 1024px\" \/><\/figure>\n\n\n\n<figure class=\"wp-block-image size-large\"><img loading=\"lazy\" decoding=\"async\" width=\"1024\" height=\"768\" data-id=\"2314\" src=\"http:\/\/192.168.1.2\/wp-content\/uploads\/2021\/10\/IMG_20211019_180130-1-1024x768.jpg\" alt=\"\" class=\"wp-image-2314\" srcset=\"https:\/\/www.dmklast4.cz\/wp-content\/uploads\/2021\/10\/IMG_20211019_180130-1-1024x768.jpg 1024w, https:\/\/www.dmklast4.cz\/wp-content\/uploads\/2021\/10\/IMG_20211019_180130-1-300x225.jpg 300w, https:\/\/www.dmklast4.cz\/wp-content\/uploads\/2021\/10\/IMG_20211019_180130-1-768x576.jpg 768w, https:\/\/www.dmklast4.cz\/wp-content\/uploads\/2021\/10\/IMG_20211019_180130-1-1536x1152.jpg 1536w, https:\/\/www.dmklast4.cz\/wp-content\/uploads\/2021\/10\/IMG_20211019_180130-1-2048x1536.jpg 2048w, https:\/\/www.dmklast4.cz\/wp-content\/uploads\/2021\/10\/IMG_20211019_180130-1-1568x1176.jpg 1568w\" sizes=\"auto, (max-width: 1024px) 100vw, 1024px\" \/><\/figure>\n\n\n\n<figure class=\"wp-block-image size-large\"><img loading=\"lazy\" decoding=\"async\" width=\"1024\" height=\"768\" data-id=\"2315\" src=\"http:\/\/192.168.1.2\/wp-content\/uploads\/2021\/10\/IMG_20211019_192715-1-1024x768.jpg\" alt=\"\" class=\"wp-image-2315\" srcset=\"https:\/\/www.dmklast4.cz\/wp-content\/uploads\/2021\/10\/IMG_20211019_192715-1-1024x768.jpg 1024w, https:\/\/www.dmklast4.cz\/wp-content\/uploads\/2021\/10\/IMG_20211019_192715-1-300x225.jpg 300w, https:\/\/www.dmklast4.cz\/wp-content\/uploads\/2021\/10\/IMG_20211019_192715-1-768x576.jpg 768w, https:\/\/www.dmklast4.cz\/wp-content\/uploads\/2021\/10\/IMG_20211019_192715-1-1536x1152.jpg 1536w, https:\/\/www.dmklast4.cz\/wp-content\/uploads\/2021\/10\/IMG_20211019_192715-1-2048x1536.jpg 2048w, https:\/\/www.dmklast4.cz\/wp-content\/uploads\/2021\/10\/IMG_20211019_192715-1-1568x1176.jpg 1568w\" sizes=\"auto, (max-width: 1024px) 100vw, 1024px\" \/><\/figure>\n\n\n\n<figure class=\"wp-block-image size-large\"><img loading=\"lazy\" decoding=\"async\" width=\"547\" height=\"401\" data-id=\"2316\" src=\"http:\/\/192.168.1.2\/wp-content\/uploads\/2021\/10\/sachy-1.jpg\" alt=\"\" class=\"wp-image-2316\" srcset=\"https:\/\/www.dmklast4.cz\/wp-content\/uploads\/2021\/10\/sachy-1.jpg 547w, https:\/\/www.dmklast4.cz\/wp-content\/uploads\/2021\/10\/sachy-1-300x220.jpg 300w\" sizes=\"auto, (max-width: 547px) 100vw, 547px\" \/><\/figure>\n<\/figure>\n","protected":false},"excerpt":{"rendered":"<p>Historie na\u0161eho \u0161achov\u00e9ho krou\u017eku za\u010dala p\u0159ihl\u00e1\u0161kou do M\u011bstsk\u00e9 sout\u011b\u017ee Brno-m\u011bsto pod veden\u00edm vychovatele Mgr. Vladim\u00edra Smutn\u00e9ho v sezon\u011b 2009\/2010. V sou\u010dasnosti vede \u0161achov\u00fd krou\u017eek vychovatel Tom\u00e1\u0161 Dorazil. Uv\u00edt\u00e1me ka\u017ed\u00e9ho, kdo m\u00e1 chu\u0165 hr\u00e1t a u\u010dit se. Kvalitn\u00ed \u0161achovou literaturu i materi\u00e1l m\u00e1me, stejn\u011b tak pot\u0159ebn\u00e9 odhodl\u00e1n\u00ed. Z\u00e1jemci se mohou obracet na vychovatele Tom\u00e1\u0161e Dorazila bu\u010f &hellip; <a href=\"https:\/\/www.dmklast4.cz\/index.php\/sachovy-oddil\/\" class=\"more-link\">Pokra\u010dov\u00e1n\u00ed textu <span class=\"screen-reader-text\">\u0160achov\u00fd odd\u00edl<\/span><\/a><\/p>\n","protected":false},"author":3,"featured_media":0,"parent":0,"menu_order":0,"comment_status":"closed","ping_status":"closed","template":"","meta":{"footnotes":""},"class_list":["post-119","page","type-page","status-publish","hentry"],"_links":{"self":[{"href":"https:\/\/www.dmklast4.cz\/index.php\/wp-json\/wp\/v2\/pages\/119","targetHints":{"allow":["GET"]}}],"collection":[{"href":"https:\/\/www.dmklast4.cz\/index.php\/wp-json\/wp\/v2\/pages"}],"about":[{"href":"https:\/\/www.dmklast4.cz\/index.php\/wp-json\/wp\/v2\/types\/page"}],"author":[{"embeddable":true,"href":"https:\/\/www.dmklast4.cz\/index.php\/wp-json\/wp\/v2\/users\/3"}],"replies":[{"embeddable":true,"href":"https:\/\/www.dmklast4.cz\/index.php\/wp-json\/wp\/v2\/comments?post=119"}],"version-history":[{"count":47,"href":"https:\/\/www.dmklast4.cz\/index.php\/wp-json\/wp\/v2\/pages\/119\/revisions"}],"predecessor-version":[{"id":5873,"href":"https:\/\/www.dmklast4.cz\/index.php\/wp-json\/wp\/v2\/pages\/119\/revisions\/5873"}],"wp:attachment":[{"href":"https:\/\/www.dmklast4.cz\/index.php\/wp-json\/wp\/v2\/media?parent=119"}],"curies":[{"name":"wp","href":"https:\/\/api.w.org\/{rel}","templated":true}]}}