{"id":117,"date":"2017-09-12T12:37:00","date_gmt":"2017-09-12T12:37:00","guid":{"rendered":"http:\/\/www.dmklast4.cz\/rs\/wordpress\/?page_id=117"},"modified":"2024-09-23T11:46:51","modified_gmt":"2024-09-23T09:46:51","slug":"schranka-duvery","status":"publish","type":"page","link":"https:\/\/www.dmklast4.cz\/index.php\/schranka-duvery\/","title":{"rendered":"Schr\u00e1nka d\u016fv\u011bry"},"content":{"rendered":"\n<p class=\"has-text-align-left style2\">Nebojte se vyu\u017e\u00edt na\u0161\u00ed schr\u00e1nku d\u016fv\u011bry. <br><strong>Jsme tady od toho, abychom v\u00e1m pomohli<\/strong>.<\/p>\n\n\n\n<p class=\"has-text-align-left style2 has-text-color has-link-color wp-elements-1e3c2a19bce68e51b84c86906dc2da55\" style=\"color:#ed2630\"><strong>schrankaduvery.dmklast@seznam.cz<\/strong><\/p>\n\n\n\n<p class=\"style2\">Na tento e-mail m\u016f\u017eete pos\u00edlat sv\u00e9 <strong>dotazy<\/strong> sm\u011brem k veden\u00ed, vychovatel\u016fm i metodikovi prevence. Slou\u017e\u00ed tak\u00e9 pro <strong>st\u00ed\u017enosti<\/strong>, zejm\u00e9na by v\u0161ak m\u011bla <strong>pomoci \u0159e\u0161it probl\u00e9my<\/strong>, se kter\u00fdmi pot\u0159ebujete <strong>poradit<\/strong>.<\/p>\n\n\n\n<p><strong>Pokud chcete ps\u00e1t anonymn\u011b,<\/strong> vyu\u017eijte anonymn\u00edch e-mailov\u00fdch slu\u017eeb (nap\u0159. <a href=\"http:\/\/anonymouse.org\/anonemail.html\" target=\"_blank\" rel=\"noreferrer noopener\">ZDE)<\/a>.<\/p>\n\n\n\n<div style=\"height:20px\" aria-hidden=\"true\" class=\"wp-block-spacer\"><\/div>\n\n\n\n<div class=\"wp-block-columns is-layout-flex wp-container-core-columns-is-layout-9d6595d7 wp-block-columns-is-layout-flex\">\n<div class=\"wp-block-column is-layout-flow wp-block-column-is-layout-flow\" style=\"flex-basis:50%\">\n<p class=\"has-text-align-left\"><strong><mark style=\"background-color:rgba(0, 0, 0, 0);color:#ed2630\" class=\"has-inline-color\">METODIK PREVENCE<\/mark><\/strong><br><strong>Mgr. Michal Boubel\u00edk<br><\/strong><sup>boubelik.dmklast@seznam.cz<\/sup><\/p>\n<\/div>\n\n\n\n<div class=\"wp-block-column is-layout-flow wp-block-column-is-layout-flow\" style=\"flex-basis:50%\">\n<p class=\"has-small-font-size\"><span style=\"color: #808080;\">Zaji\u0161\u0165uje metodickou, koordina\u010dn\u00ed a poradenskou \u010dinnost v problematice prevence rizikov\u00e9ho chov\u00e1n\u00ed, jako jsou nap\u0159. \u0161ikana, u\u017e\u00edv\u00e1n\u00ed n\u00e1vykov\u00fdch a psychotropn\u00edch l\u00e1tek, z\u00e1\u0161kol\u00e1ctv\u00ed, agresivita, rizikov\u00e9 sexu\u00e1ln\u00ed chov\u00e1n\u00ed, rizika \u0161koln\u00edho ne\u00fasp\u011bchu aj.&nbsp;<\/span><\/p>\n<\/div>\n<\/div>\n","protected":false},"excerpt":{"rendered":"<p>Nebojte se vyu\u017e\u00edt na\u0161\u00ed schr\u00e1nku d\u016fv\u011bry. Jsme tady od toho, abychom v\u00e1m pomohli. schrankaduvery.dmklast@seznam.cz Na tento e-mail m\u016f\u017eete pos\u00edlat sv\u00e9 dotazy sm\u011brem k veden\u00ed, vychovatel\u016fm i metodikovi prevence. Slou\u017e\u00ed tak\u00e9 pro st\u00ed\u017enosti, zejm\u00e9na by v\u0161ak m\u011bla pomoci \u0159e\u0161it probl\u00e9my, se kter\u00fdmi pot\u0159ebujete poradit. Pokud chcete ps\u00e1t anonymn\u011b, vyu\u017eijte anonymn\u00edch e-mailov\u00fdch slu\u017eeb (nap\u0159. ZDE). METODIK PREVENCEMgr. &hellip; <a href=\"https:\/\/www.dmklast4.cz\/index.php\/schranka-duvery\/\" class=\"more-link\">Pokra\u010dov\u00e1n\u00ed textu <span class=\"screen-reader-text\">Schr\u00e1nka d\u016fv\u011bry<\/span><\/a><\/p>\n","protected":false},"author":3,"featured_media":0,"parent":0,"menu_order":0,"comment_status":"closed","ping_status":"closed","template":"","meta":{"footnotes":""},"class_list":["post-117","page","type-page","status-publish","hentry"],"_links":{"self":[{"href":"https:\/\/www.dmklast4.cz\/index.php\/wp-json\/wp\/v2\/pages\/117","targetHints":{"allow":["GET"]}}],"collection":[{"href":"https:\/\/www.dmklast4.cz\/index.php\/wp-json\/wp\/v2\/pages"}],"about":[{"href":"https:\/\/www.dmklast4.cz\/index.php\/wp-json\/wp\/v2\/types\/page"}],"author":[{"embeddable":true,"href":"https:\/\/www.dmklast4.cz\/index.php\/wp-json\/wp\/v2\/users\/3"}],"replies":[{"embeddable":true,"href":"https:\/\/www.dmklast4.cz\/index.php\/wp-json\/wp\/v2\/comments?post=117"}],"version-history":[{"count":24,"href":"https:\/\/www.dmklast4.cz\/index.php\/wp-json\/wp\/v2\/pages\/117\/revisions"}],"predecessor-version":[{"id":5088,"href":"https:\/\/www.dmklast4.cz\/index.php\/wp-json\/wp\/v2\/pages\/117\/revisions\/5088"}],"wp:attachment":[{"href":"https:\/\/www.dmklast4.cz\/index.php\/wp-json\/wp\/v2\/media?parent=117"}],"curies":[{"name":"wp","href":"https:\/\/api.w.org\/{rel}","templated":true}]}}