{"id":109,"date":"2017-08-31T18:03:51","date_gmt":"2017-08-31T18:03:51","guid":{"rendered":"http:\/\/www.dmklast4.cz\/rs\/wordpress\/?page_id=109"},"modified":"2026-03-19T11:56:54","modified_gmt":"2026-03-19T10:56:54","slug":"o-nas","status":"publish","type":"page","link":"https:\/\/www.dmklast4.cz\/index.php\/o-nas\/","title":{"rendered":"O n\u00e1s"},"content":{"rendered":"\n<p class=\"-wm-auto-style5\">N\u00e1\u0161 domov ml\u00e1de\u017ee je <a href=\"https:\/\/www.google.cz\/maps\/place\/Kl%C3%A1%C5%A1tersk%C3%A9ho+620%2F4,+617+00+Brno-jih-Kom%C3%A1rov\/@49.1772613,16.6182157,17z\/data=!3m1!4b1!4m5!3m4!1s0x47129504cbbfcbe3:0x9dc67987cc71b677!8m2!3d49.1772578!4d16.6204044?hl=cs\" target=\"_blank\" rel=\"noopener\">samostatn\u011b stoj\u00edc\u00ed<\/a> <strong>dvan\u00e1ctipodla\u017en\u00ed budova<\/strong> v brn\u011bnsk\u00e9 \u010dtvrti <a href=\"http:\/\/www.brno-jih.cz\/\" target=\"_blank\" rel=\"noopener\">Kom\u00e1rov.<\/a>&nbsp;Nach\u00e1z\u00ed se nedaleko od centra, <strong>v bl\u00edzkosti kone\u010dn\u00e9 zast\u00e1vky tramvaje \u010d\u00edslo 12.<\/strong><\/p>\n\n\n\n<p class=\"-wm-auto-style5\">Nab\u00edz\u00edme&nbsp;<strong><a href=\"http:\/\/www.dmklast4.cz\/index.php\/ubytovani\/\">ubytov\u00e1n\u00ed<\/a>, <a href=\"http:\/\/www.dmklast4.cz\/index.php\/stravovani\/\">stravov\u00e1n\u00ed <\/a>a <a href=\"http:\/\/www.dmklast4.cz\/index.php\/volnocasove-aktivity\/\">volno\u010dasov\u00e9 aktivity<\/a><\/strong> mimobrn\u011bnsk\u00fdm \u017e\u00e1k\u016fm (viz&nbsp;<a href=\"http:\/\/www.dmklast4.cz\/index.php\/o-nas\/fotogalerie\/\" target=\"_blank\" rel=\"noreferrer noopener\">fotogalerie<\/a>). Podm\u00ednkou k p\u0159ijet\u00ed je studium na n\u011bkter\u00e9 ze st\u0159edn\u00edch \u0161kol&nbsp;(S\u0160, SO\u0160, SOU), gymn\u00e1ziu (v\u010detn\u011b osmilet\u00e9ho), VO\u0160 nebo jazykov\u00e9 \u0161kole.<\/p>\n\n\n\n<p class=\"-wm-auto-style5\"><span class=\"-wm-auto-style7\">Kvalitn\u00ed stravov\u00e1n\u00ed (sn\u00eddan\u011b, ve\u010de\u0159e), p\u0159\u00edjemn\u00e9 prost\u0159ed\u00ed a vybaven\u00ed domova vytv\u00e1\u0159ej\u00ed dobr\u00e9 podm\u00ednky pro<\/span><span class=\"-wm-style4\">&nbsp;studium i plnohodnotn\u00e9 vyu\u017eit\u00ed voln\u00e9ho \u010dasu.<\/span><\/p>\n\n\n\n<p><strong><span class=\"-wm-style4\"> <a href=\"http:\/\/www.dmklast4.cz\/index.php\/o-nas\/certifikaty\/\">Usilujeme o to<\/a>, aby u n\u00e1s \u017e\u00e1ci na\u0161li spolehliv\u00e9 z\u00e1zem\u00ed i dostatek soukrom\u00ed a mohli se c\u00edtit skute\u010dn\u011b jako doma.<\/span><\/strong><\/p>\n\n\n\n<p class=\"has-text-color has-link-color wp-elements-9628f41ee6c7a23749f94c617c29b28b\" style=\"color:#ed2630\"><strong>P\u0159ihl\u00e1\u0161ku k ubytov\u00e1n\u00ed<\/strong> m\u016f\u017eete vyplnit <strong><a href=\"http:\/\/www.dmklast4.cz\/index.php\/prihlasky\/\">ZDE<\/a><\/strong>.<\/p>\n\n\n\n<div style=\"height:40px\" aria-hidden=\"true\" class=\"wp-block-spacer\"><\/div>\n\n\n\n<div class=\"wp-block-buttons has-custom-font-size has-small-font-size is-layout-flex wp-block-buttons-is-layout-flex\">\n<div class=\"wp-block-button has-custom-width wp-block-button__width-50\"><a class=\"wp-block-button__link has-background has-custom-font-size wp-element-button\" href=\"http:\/\/www.dmklast4.cz\/wp-content\/uploads\/2025\/11\/SM-14-Skolni-vzdelavaci-program-4.pdf\" style=\"background-color:#003153;font-size:16px\" target=\"_blank\" rel=\"noreferrer noopener\">\u0160KOLN\u00cd VZD\u011aL\u00c1VAC\u00cd PROGRAM<\/a><\/div>\n\n\n\n<div class=\"wp-block-button has-custom-width wp-block-button__width-50 is-style-fill\"><a class=\"wp-block-button__link has-background has-custom-font-size wp-element-button\" href=\"http:\/\/www.dmklast4.cz\/wp-content\/uploads\/2026\/03\/P-14-Vnitrni-rad-domova-mladeze-12.pdf\" style=\"background-color:#003153;font-size:16px\" target=\"_blank\" rel=\"noreferrer noopener\">Vnit\u0159n\u00ed \u0159\u00e1d domova ml\u00e1de\u017ee<\/a><\/div>\n<\/div>\n\n\n\n<div style=\"height:50px\" aria-hidden=\"true\" class=\"wp-block-spacer\"><\/div>\n\n\n\n<figure class=\"wp-block-image size-large\"><img loading=\"lazy\" decoding=\"async\" width=\"1024\" height=\"565\" src=\"http:\/\/www.dmklast4.cz\/wp-content\/uploads\/2021\/05\/DM-1-1024x565.jpg\" alt=\"DM Kl\u00e1\u0161tersk\u00e9ho\" class=\"wp-image-2031\" srcset=\"https:\/\/www.dmklast4.cz\/wp-content\/uploads\/2021\/05\/DM-1-1024x565.jpg 1024w, https:\/\/www.dmklast4.cz\/wp-content\/uploads\/2021\/05\/DM-1-300x166.jpg 300w, https:\/\/www.dmklast4.cz\/wp-content\/uploads\/2021\/05\/DM-1-768x424.jpg 768w, https:\/\/www.dmklast4.cz\/wp-content\/uploads\/2021\/05\/DM-1.jpg 1200w\" sizes=\"auto, (max-width: 1024px) 100vw, 1024px\" \/><\/figure>\n\n\n\n<p class=\"has-text-align-right has-small-font-size\"><em>Foto: Jarom\u00edr Kitner<\/em><\/p>\n","protected":false},"excerpt":{"rendered":"<p>N\u00e1\u0161 domov ml\u00e1de\u017ee je samostatn\u011b stoj\u00edc\u00ed dvan\u00e1ctipodla\u017en\u00ed budova v brn\u011bnsk\u00e9 \u010dtvrti Kom\u00e1rov.&nbsp;Nach\u00e1z\u00ed se nedaleko od centra, v bl\u00edzkosti kone\u010dn\u00e9 zast\u00e1vky tramvaje \u010d\u00edslo 12. Nab\u00edz\u00edme&nbsp;ubytov\u00e1n\u00ed, stravov\u00e1n\u00ed a volno\u010dasov\u00e9 aktivity mimobrn\u011bnsk\u00fdm \u017e\u00e1k\u016fm (viz&nbsp;fotogalerie). Podm\u00ednkou k p\u0159ijet\u00ed je studium na n\u011bkter\u00e9 ze st\u0159edn\u00edch \u0161kol&nbsp;(S\u0160, SO\u0160, SOU), gymn\u00e1ziu (v\u010detn\u011b osmilet\u00e9ho), VO\u0160 nebo jazykov\u00e9 \u0161kole. Kvalitn\u00ed stravov\u00e1n\u00ed (sn\u00eddan\u011b, ve\u010de\u0159e), p\u0159\u00edjemn\u00e9 &hellip; <a href=\"https:\/\/www.dmklast4.cz\/index.php\/o-nas\/\" class=\"more-link\">Pokra\u010dov\u00e1n\u00ed textu <span class=\"screen-reader-text\">O n\u00e1s<\/span><\/a><\/p>\n","protected":false},"author":3,"featured_media":0,"parent":0,"menu_order":0,"comment_status":"closed","ping_status":"closed","template":"","meta":{"footnotes":""},"class_list":["post-109","page","type-page","status-publish","hentry"],"_links":{"self":[{"href":"https:\/\/www.dmklast4.cz\/index.php\/wp-json\/wp\/v2\/pages\/109","targetHints":{"allow":["GET"]}}],"collection":[{"href":"https:\/\/www.dmklast4.cz\/index.php\/wp-json\/wp\/v2\/pages"}],"about":[{"href":"https:\/\/www.dmklast4.cz\/index.php\/wp-json\/wp\/v2\/types\/page"}],"author":[{"embeddable":true,"href":"https:\/\/www.dmklast4.cz\/index.php\/wp-json\/wp\/v2\/users\/3"}],"replies":[{"embeddable":true,"href":"https:\/\/www.dmklast4.cz\/index.php\/wp-json\/wp\/v2\/comments?post=109"}],"version-history":[{"count":49,"href":"https:\/\/www.dmklast4.cz\/index.php\/wp-json\/wp\/v2\/pages\/109\/revisions"}],"predecessor-version":[{"id":6001,"href":"https:\/\/www.dmklast4.cz\/index.php\/wp-json\/wp\/v2\/pages\/109\/revisions\/6001"}],"wp:attachment":[{"href":"https:\/\/www.dmklast4.cz\/index.php\/wp-json\/wp\/v2\/media?parent=109"}],"curies":[{"name":"wp","href":"https:\/\/api.w.org\/{rel}","templated":true}]}}