{"id":1006,"date":"2020-09-23T09:57:05","date_gmt":"2020-09-23T09:57:05","guid":{"rendered":"http:\/\/www.dmklast4.cz\/rs\/wordpress\/?page_id=1006"},"modified":"2025-10-16T12:56:29","modified_gmt":"2025-10-16T10:56:29","slug":"provozni-usek","status":"publish","type":"page","link":"https:\/\/www.dmklast4.cz\/index.php\/kontakty\/provozni-usek\/","title":{"rendered":"Provozn\u00ed \u00fasek"},"content":{"rendered":"\n<div class=\"wp-block-columns is-layout-flex wp-container-core-columns-is-layout-9d6595d7 wp-block-columns-is-layout-flex\">\n<div class=\"wp-block-column is-layout-flow wp-block-column-is-layout-flow\" style=\"flex-basis:50%\">\n<div class=\"wp-block-group\"><div class=\"wp-block-group__inner-container is-layout-flow wp-block-group-is-layout-flow\">\n<p><strong><mark style=\"background-color:rgba(0, 0, 0, 0);color:#ed2630\" class=\"has-inline-color\">\u0159editel<\/mark><br>Mgr. Dalibor Fiala<\/strong><br><sub>739 593 509,&nbsp;545 233 789<br><\/sub><sup>dmklast4@seznam.cz<\/sup><\/p>\n\n\n\n<p><strong><mark style=\"background-color:rgba(0, 0, 0, 0)\" class=\"has-inline-color has-medium-pink-color\">eko<\/mark><mark style=\"background-color:rgba(0, 0, 0, 0);color:#ed2630\" class=\"has-inline-color\">nomka-rozpo\u010dt\u00e1\u0159ka<\/mark><mark style=\"background-color:rgba(0, 0, 0, 0)\" class=\"has-inline-color has-medium-pink-color\"><br><\/mark>Martina Kucha\u0159\u00edkov\u00e1<\/strong><br><sub>604 188 930,&nbsp;545 233 202<strong><br><\/strong><\/sub><sup>kucharikova.dmklast4@seznam.cz<\/sup><\/p>\n\n\n\n<p><strong><mark style=\"background-color:rgba(0, 0, 0, 0);color:#ed2630\" class=\"has-inline-color\">pokladn\u00ed<\/mark><\/strong><br><strong>Marcela P\u00ed\u017eov\u00e1<\/strong><br><sub>739 593 508<br><\/sub><sup>pizova<\/sup><sup>.dmklast@seznam.cz<\/sup><\/p>\n<\/div><\/div>\n\n\n\n<p><strong><mark style=\"background-color:rgba(0, 0, 0, 0);color:#ed2630\" class=\"has-inline-color\">mana\u017eer kvality<\/mark><\/strong><br><strong>Bc. Tom\u00e1\u0161 Kadlec<\/strong><br><sub>702 243 928<br><\/sub><sup>kadlec.dmklast@seznam.cz<\/sup><\/p>\n<\/div>\n\n\n\n<div class=\"wp-block-column is-layout-flow wp-block-column-is-layout-flow\" style=\"flex-basis:50%\">\n<p><strong><mark style=\"background-color:rgba(0, 0, 0, 0);color:#ed2630\" class=\"has-inline-color\">z\u00e1stupkyn\u011b \u0159editele<\/mark><\/strong><br><strong>Bc. Monika \u0160pinarov\u00e1<\/strong><br><sub>732 598 866<br><\/sub><sup>spinarova.dmklast@seznam.cz<\/sup><\/p>\n\n\n\n<p><strong><mark style=\"background-color:rgba(0, 0, 0, 0);color:#ed2630\" class=\"has-inline-color\">\u00fa\u010detn\u00ed<\/mark><\/strong><br><strong>Jitka Matailov\u00e1<\/strong><br><sub>739 593 508<br><\/sub><sup>matailova.dmklast@seznam.cz <\/sup><\/p>\n\n\n\n<p><strong><mark style=\"background-color:rgba(0, 0, 0, 0);color:#ed2630\" class=\"has-inline-color\">vedouc\u00ed stravov\u00e1n\u00ed<\/mark><\/strong><br><strong>V\u011bra Krej\u010d\u00ed<\/strong><br><sub>777 039 292,&nbsp;513 034 997<br><\/sub><sup>krejci.dmklast@seznam.cz<\/sup><\/p>\n<\/div>\n<\/div>\n\n\n\n<p><\/p>\n","protected":false},"excerpt":{"rendered":"<p>\u0159editelMgr. Dalibor Fiala739 593 509,&nbsp;545 233 789dmklast4@seznam.cz ekonomka-rozpo\u010dt\u00e1\u0159kaMartina Kucha\u0159\u00edkov\u00e1604 188 930,&nbsp;545 233 202kucharikova.dmklast4@seznam.cz pokladn\u00edMarcela P\u00ed\u017eov\u00e1739 593 508pizova.dmklast@seznam.cz mana\u017eer kvalityBc. Tom\u00e1\u0161 Kadlec702 243 928kadlec.dmklast@seznam.cz z\u00e1stupkyn\u011b \u0159editeleBc. Monika \u0160pinarov\u00e1732 598 866spinarova.dmklast@seznam.cz \u00fa\u010detn\u00edJitka Matailov\u00e1739 593 508matailova.dmklast@seznam.cz vedouc\u00ed stravov\u00e1n\u00edV\u011bra Krej\u010d\u00ed777 039 292,&nbsp;513 034 997krejci.dmklast@seznam.cz<\/p>\n","protected":false},"author":3,"featured_media":0,"parent":63,"menu_order":0,"comment_status":"closed","ping_status":"closed","template":"","meta":{"footnotes":""},"class_list":["post-1006","page","type-page","status-publish","hentry"],"_links":{"self":[{"href":"https:\/\/www.dmklast4.cz\/index.php\/wp-json\/wp\/v2\/pages\/1006","targetHints":{"allow":["GET"]}}],"collection":[{"href":"https:\/\/www.dmklast4.cz\/index.php\/wp-json\/wp\/v2\/pages"}],"about":[{"href":"https:\/\/www.dmklast4.cz\/index.php\/wp-json\/wp\/v2\/types\/page"}],"author":[{"embeddable":true,"href":"https:\/\/www.dmklast4.cz\/index.php\/wp-json\/wp\/v2\/users\/3"}],"replies":[{"embeddable":true,"href":"https:\/\/www.dmklast4.cz\/index.php\/wp-json\/wp\/v2\/comments?post=1006"}],"version-history":[{"count":15,"href":"https:\/\/www.dmklast4.cz\/index.php\/wp-json\/wp\/v2\/pages\/1006\/revisions"}],"predecessor-version":[{"id":5753,"href":"https:\/\/www.dmklast4.cz\/index.php\/wp-json\/wp\/v2\/pages\/1006\/revisions\/5753"}],"up":[{"embeddable":true,"href":"https:\/\/www.dmklast4.cz\/index.php\/wp-json\/wp\/v2\/pages\/63"}],"wp:attachment":[{"href":"https:\/\/www.dmklast4.cz\/index.php\/wp-json\/wp\/v2\/media?parent=1006"}],"curies":[{"name":"wp","href":"https:\/\/api.w.org\/{rel}","templated":true}]}}